{"id":39,"date":"2022-05-28T22:02:52","date_gmt":"2022-05-28T19:02:52","guid":{"rendered":"http:\/\/netspoliklinik.demositeler.xyz\/?page_id=39"},"modified":"2023-05-12T17:27:08","modified_gmt":"2023-05-12T14:27:08","slug":"communication","status":"publish","type":"page","link":"https:\/\/netspoliklinigi.com\/fr\/communication\/","title":{"rendered":"Communication"},"content":{"rendered":"\t\t<div data-elementor-type=\"wp-page\" data-elementor-id=\"39\" class=\"elementor elementor-39\">\n\t\t\t\t\t\t<section class=\"elementor-section elementor-top-section elementor-element elementor-element-58bd410 elementor-section-boxed elementor-section-height-default elementor-section-height-default\" data-id=\"58bd410\" data-element_type=\"section\">\n\t\t\t\t\t\t<div class=\"elementor-container elementor-column-gap-default\">\n\t\t\t\t\t<div class=\"elementor-column elementor-col-100 elementor-top-column elementor-element elementor-element-db04f4e\" data-id=\"db04f4e\" data-element_type=\"column\">\n\t\t\t<div class=\"elementor-widget-wrap elementor-element-populated\">\n\t\t\t\t\t\t<div class=\"elementor-element elementor-element-9e7a8a3 elementor-widget elementor-widget-google_maps\" data-id=\"9e7a8a3\" data-element_type=\"widget\" data-widget_type=\"google_maps.default\">\n\t\t\t\t<div class=\"elementor-widget-container\">\n\t\t\t\t\t\t\t<div class=\"elementor-custom-embed\">\n\t\t\t<iframe loading=\"lazy\"\n\t\t\t\t\tsrc=\"https:\/\/maps.google.com\/maps?q=%C3%96zel%20Nets%20Poliklini%C4%9Fi&#038;t=m&#038;z=16&#038;output=embed&#038;iwloc=near\"\n\t\t\t\t\ttitle=\"\u00d6zel Nets Poliklini\u011fi\"\n\t\t\t\t\taria-label=\"\u00d6zel Nets Poliklini\u011fi\"\n\t\t\t><\/iframe>\n\t\t<\/div>\n\t\t\t\t\t\t<\/div>\n\t\t\t\t<\/div>\n\t\t\t\t\t<\/div>\n\t\t<\/div>\n\t\t\t\t\t<\/div>\n\t\t<\/section>\n\t\t\t\t<section class=\"elementor-section elementor-top-section elementor-element elementor-element-71d252f elementor-section-boxed elementor-section-height-default elementor-section-height-default\" data-id=\"71d252f\" data-element_type=\"section\">\n\t\t\t\t\t\t<div class=\"elementor-container elementor-column-gap-default\">\n\t\t\t\t\t<div class=\"elementor-column elementor-col-100 elementor-top-column elementor-element elementor-element-ea5cef6\" data-id=\"ea5cef6\" data-element_type=\"column\">\n\t\t\t<div class=\"elementor-widget-wrap elementor-element-populated\">\n\t\t\t\t\t\t<div class=\"elementor-element elementor-element-def7e90 elementor-widget elementor-widget-spacer\" data-id=\"def7e90\" data-element_type=\"widget\" data-widget_type=\"spacer.default\">\n\t\t\t\t<div class=\"elementor-widget-container\">\n\t\t\t\t\t\t\t<div class=\"elementor-spacer\">\n\t\t\t<div class=\"elementor-spacer-inner\"><\/div>\n\t\t<\/div>\n\t\t\t\t\t\t<\/div>\n\t\t\t\t<\/div>\n\t\t\t\t\t<\/div>\n\t\t<\/div>\n\t\t\t\t\t<\/div>\n\t\t<\/section>\n\t\t\t\t<section class=\"elementor-section elementor-top-section elementor-element elementor-element-e4c90eb elementor-section-boxed elementor-section-height-default elementor-section-height-default\" data-id=\"e4c90eb\" data-element_type=\"section\">\n\t\t\t\t\t\t<div class=\"elementor-container elementor-column-gap-default\">\n\t\t\t\t\t<div class=\"elementor-column elementor-col-50 elementor-top-column elementor-element elementor-element-c92acbe\" data-id=\"c92acbe\" data-element_type=\"column\">\n\t\t\t<div class=\"elementor-widget-wrap elementor-element-populated\">\n\t\t\t\t\t\t<div class=\"elementor-element elementor-element-b5bceba elementor-widget elementor-widget-heading\" data-id=\"b5bceba\" data-element_type=\"widget\" data-widget_type=\"heading.default\">\n\t\t\t\t<div class=\"elementor-widget-container\">\n\t\t\t\t\t<h2 class=\"elementor-heading-title elementor-size-default\">Coordonn\u00e9es<\/h2>\t\t\t\t<\/div>\n\t\t\t\t<\/div>\n\t\t\t\t<div class=\"elementor-element elementor-element-d0b31e0 elementor-widget-divider--view-line_icon elementor-view-default elementor-widget-divider--element-align-center elementor-widget elementor-widget-divider\" data-id=\"d0b31e0\" data-element_type=\"widget\" data-widget_type=\"divider.default\">\n\t\t\t\t<div class=\"elementor-widget-container\">\n\t\t\t\t\t\t\t<div class=\"elementor-divider\">\n\t\t\t<span class=\"elementor-divider-separator\">\n\t\t\t\t\t\t\t<div class=\"elementor-icon elementor-divider__element\">\n\t\t\t\t\t<svg xmlns=\"http:\/\/www.w3.org\/2000\/svg\" viewBox=\"0 0 519.31 494.11\"><defs><style>.cls-1{fill:#fd79a8;}<\/style><\/defs><g id=\"katman_2\" data-name=\"katman 2\"><g id=\"katman_1-2\" data-name=\"katman 1\"><polygon class=\"cls-1\" points=\"393.03 65.88 392.4 66.64 153.15 354.48 103.96 360.1 124.59 323.55 24.72 322.64 41.45 293.27 0 260.35 39.19 238.87 30.21 208.68 101.37 224.35 18.9 107.59 77.23 94.57 93.06 5.09 159.25 62.29 197.98 33.08 234.98 127.71 312.45 1.7 349.11 37.91 443.46 0 425.29 95.69 471.09 126.5 364.63 230.64 469.15 243.69 448.07 288.13 519.31 339.02 438.38 373.92 436.44 436.92 301.94 382.15 333.69 443.22 335.14 446.13 304.85 442.49 288.37 494.11 249.36 459.21 226.82 483.21 198.95 384.33 174.72 412.69 163.82 360.59 393.03 65.88\"><\/polygon><\/g><\/g><\/svg><\/div>\n\t\t\t\t\t\t<\/span>\n\t\t<\/div>\n\t\t\t\t\t\t<\/div>\n\t\t\t\t<\/div>\n\t\t\t\t<div class=\"elementor-element elementor-element-84911f5 elementor-widget elementor-widget-text-editor\" data-id=\"84911f5\" data-element_type=\"widget\" data-widget_type=\"text-editor.default\">\n\t\t\t\t<div class=\"elementor-widget-container\">\n\t\t\t\t\t\t\t\t\t<p><strong>Adresse:<\/strong> Erzene Mahallesi, 80. Sk. No:14, 35040 Bornova\/\u0130zmir<br \/><strong>E-Mail: <\/strong>info@netsclub.com.tr<br \/><strong>T\u00e9l\u00e9phone:<\/strong> 0 (232) 388 28 88<\/p>\t\t\t\t\t\t\t\t<\/div>\n\t\t\t\t<\/div>\n\t\t\t\t<div class=\"elementor-element elementor-element-2d0b5ff elementor-widget elementor-widget-heading\" data-id=\"2d0b5ff\" data-element_type=\"widget\" data-widget_type=\"heading.default\">\n\t\t\t\t<div class=\"elementor-widget-container\">\n\t\t\t\t\t<h2 class=\"elementor-heading-title elementor-size-default\">R\u00e9seaux Sociaux\n<\/h2>\t\t\t\t<\/div>\n\t\t\t\t<\/div>\n\t\t\t\t<div class=\"elementor-element elementor-element-db9cb1d elementor-widget-divider--view-line_icon elementor-view-default elementor-widget-divider--element-align-center elementor-widget elementor-widget-divider\" data-id=\"db9cb1d\" data-element_type=\"widget\" data-widget_type=\"divider.default\">\n\t\t\t\t<div class=\"elementor-widget-container\">\n\t\t\t\t\t\t\t<div class=\"elementor-divider\">\n\t\t\t<span class=\"elementor-divider-separator\">\n\t\t\t\t\t\t\t<div class=\"elementor-icon elementor-divider__element\">\n\t\t\t\t\t<svg xmlns=\"http:\/\/www.w3.org\/2000\/svg\" viewBox=\"0 0 519.31 494.11\"><defs><style>.cls-1{fill:#fd79a8;}<\/style><\/defs><g id=\"katman_2\" data-name=\"katman 2\"><g id=\"katman_1-2\" data-name=\"katman 1\"><polygon class=\"cls-1\" points=\"393.03 65.88 392.4 66.64 153.15 354.48 103.96 360.1 124.59 323.55 24.72 322.64 41.45 293.27 0 260.35 39.19 238.87 30.21 208.68 101.37 224.35 18.9 107.59 77.23 94.57 93.06 5.09 159.25 62.29 197.98 33.08 234.98 127.71 312.45 1.7 349.11 37.91 443.46 0 425.29 95.69 471.09 126.5 364.63 230.64 469.15 243.69 448.07 288.13 519.31 339.02 438.38 373.92 436.44 436.92 301.94 382.15 333.69 443.22 335.14 446.13 304.85 442.49 288.37 494.11 249.36 459.21 226.82 483.21 198.95 384.33 174.72 412.69 163.82 360.59 393.03 65.88\"><\/polygon><\/g><\/g><\/svg><\/div>\n\t\t\t\t\t\t<\/span>\n\t\t<\/div>\n\t\t\t\t\t\t<\/div>\n\t\t\t\t<\/div>\n\t\t\t\t<div class=\"elementor-element elementor-element-ed7e7ba elementor-shape-circle e-grid-align-left elementor-grid-0 elementor-widget elementor-widget-social-icons\" data-id=\"ed7e7ba\" data-element_type=\"widget\" data-widget_type=\"social-icons.default\">\n\t\t\t\t<div class=\"elementor-widget-container\">\n\t\t\t\t\t\t\t<div class=\"elementor-social-icons-wrapper elementor-grid\" role=\"list\">\n\t\t\t\t\t\t\t<span class=\"elementor-grid-item\" role=\"listitem\">\n\t\t\t\t\t<a class=\"elementor-icon elementor-social-icon elementor-social-icon-facebook elementor-repeater-item-5414d64\" href=\"https:\/\/www.facebook.com\/netspoliklinigi\/\" target=\"_blank\">\n\t\t\t\t\t\t<span class=\"elementor-screen-only\">Facebook<\/span>\n\t\t\t\t\t\t<i class=\"fab fa-facebook\"><\/i>\t\t\t\t\t<\/a>\n\t\t\t\t<\/span>\n\t\t\t\t\t\t\t<span class=\"elementor-grid-item\" role=\"listitem\">\n\t\t\t\t\t<a class=\"elementor-icon elementor-social-icon elementor-social-icon-instagram elementor-repeater-item-ea335c3\" href=\"https:\/\/www.instagram.com\/netspoliklinigi\/\" target=\"_blank\">\n\t\t\t\t\t\t<span class=\"elementor-screen-only\">Instagram<\/span>\n\t\t\t\t\t\t<i class=\"fab fa-instagram\"><\/i>\t\t\t\t\t<\/a>\n\t\t\t\t<\/span>\n\t\t\t\t\t\t\t<span class=\"elementor-grid-item\" role=\"listitem\">\n\t\t\t\t\t<a class=\"elementor-icon elementor-social-icon elementor-social-icon-twitter elementor-repeater-item-bf12528\" href=\"https:\/\/twitter.com\/netsclub1\" target=\"_blank\">\n\t\t\t\t\t\t<span class=\"elementor-screen-only\">Twitter<\/span>\n\t\t\t\t\t\t<i class=\"fab fa-twitter\"><\/i>\t\t\t\t\t<\/a>\n\t\t\t\t<\/span>\n\t\t\t\t\t\t\t<span class=\"elementor-grid-item\" role=\"listitem\">\n\t\t\t\t\t<a class=\"elementor-icon elementor-social-icon elementor-social-icon-youtube elementor-repeater-item-cf765ae\" href=\"https:\/\/www.youtube.com\/user\/NetsClub\" target=\"_blank\">\n\t\t\t\t\t\t<span class=\"elementor-screen-only\">Youtube<\/span>\n\t\t\t\t\t\t<i class=\"fab fa-youtube\"><\/i>\t\t\t\t\t<\/a>\n\t\t\t\t<\/span>\n\t\t\t\t\t<\/div>\n\t\t\t\t\t\t<\/div>\n\t\t\t\t<\/div>\n\t\t\t\t\t<\/div>\n\t\t<\/div>\n\t\t\t\t<div class=\"elementor-column elementor-col-50 elementor-top-column elementor-element elementor-element-d8427d1\" data-id=\"d8427d1\" data-element_type=\"column\">\n\t\t\t<div class=\"elementor-widget-wrap elementor-element-populated\">\n\t\t\t\t\t\t<div class=\"elementor-element elementor-element-ee28456 elementor-widget elementor-widget-heading\" data-id=\"ee28456\" data-element_type=\"widget\" data-widget_type=\"heading.default\">\n\t\t\t\t<div class=\"elementor-widget-container\">\n\t\t\t\t\t<h2 class=\"elementor-heading-title elementor-size-default\">Envoyer le Message\n<\/h2>\t\t\t\t<\/div>\n\t\t\t\t<\/div>\n\t\t\t\t<div class=\"elementor-element elementor-element-1f02f35 elementor-widget-divider--view-line_icon elementor-view-default elementor-widget-divider--element-align-center elementor-widget elementor-widget-divider\" data-id=\"1f02f35\" data-element_type=\"widget\" data-widget_type=\"divider.default\">\n\t\t\t\t<div class=\"elementor-widget-container\">\n\t\t\t\t\t\t\t<div class=\"elementor-divider\">\n\t\t\t<span class=\"elementor-divider-separator\">\n\t\t\t\t\t\t\t<div class=\"elementor-icon elementor-divider__element\">\n\t\t\t\t\t<svg xmlns=\"http:\/\/www.w3.org\/2000\/svg\" viewBox=\"0 0 519.31 494.11\"><defs><style>.cls-1{fill:#fd79a8;}<\/style><\/defs><g id=\"katman_2\" data-name=\"katman 2\"><g id=\"katman_1-2\" data-name=\"katman 1\"><polygon class=\"cls-1\" points=\"393.03 65.88 392.4 66.64 153.15 354.48 103.96 360.1 124.59 323.55 24.72 322.64 41.45 293.27 0 260.35 39.19 238.87 30.21 208.68 101.37 224.35 18.9 107.59 77.23 94.57 93.06 5.09 159.25 62.29 197.98 33.08 234.98 127.71 312.45 1.7 349.11 37.91 443.46 0 425.29 95.69 471.09 126.5 364.63 230.64 469.15 243.69 448.07 288.13 519.31 339.02 438.38 373.92 436.44 436.92 301.94 382.15 333.69 443.22 335.14 446.13 304.85 442.49 288.37 494.11 249.36 459.21 226.82 483.21 198.95 384.33 174.72 412.69 163.82 360.59 393.03 65.88\"><\/polygon><\/g><\/g><\/svg><\/div>\n\t\t\t\t\t\t<\/span>\n\t\t<\/div>\n\t\t\t\t\t\t<\/div>\n\t\t\t\t<\/div>\n\t\t\t\t<div class=\"elementor-element elementor-element-8b97294 raven-form-button-align-spaced elementor-widget elementor-widget-raven-form\" data-id=\"8b97294\" data-element_type=\"widget\" data-settings=\"{&quot;fields&quot;:[{&quot;label&quot;:&quot;Pr\\u00e9nom \\\/ Nom de Famille&quot;,&quot;placeholder&quot;:&quot;Pr\\u00e9nom \\\/ nom de famille&quot;,&quot;_id&quot;:&quot;6071b13&quot;,&quot;acceptance_text&quot;:null,&quot;step_previous_button&quot;:null,&quot;step_next_button&quot;:null,&quot;field_custom_id&quot;:&quot;6071b13&quot;,&quot;type&quot;:&quot;text&quot;,&quot;recaptcha_badge&quot;:null,&quot;recaptcha_theme&quot;:null,&quot;recaptcha_size&quot;:null,&quot;checked_by_default&quot;:null,&quot;min_time&quot;:null,&quot;max_time&quot;:null,&quot;min_date&quot;:null,&quot;max_date&quot;:null,&quot;localization&quot;:null,&quot;min&quot;:null,&quot;max&quot;:null,&quot;field_options&quot;:null,&quot;inline_list&quot;:null,&quot;field_html&quot;:null,&quot;native_html5&quot;:null,&quot;multiple_selection&quot;:null,&quot;rows&quot;:null,&quot;required&quot;:&quot;&quot;,&quot;iti_tel&quot;:null,&quot;iti_tel_tel_type&quot;:null,&quot;iti_tel_require_area&quot;:null,&quot;iti_tel_allow_dropdown&quot;:null,&quot;iti_tel_country_include&quot;:null,&quot;iti_tel_ip_detect&quot;:null,&quot;iti_tel_internationalize&quot;:null,&quot;file_sizes&quot;:null,&quot;file_types&quot;:null,&quot;allow_multiple_upload&quot;:null,&quot;max_files&quot;:null,&quot;step_icon&quot;:null,&quot;width&quot;:&quot;100&quot;,&quot;field_value&quot;:&quot;&quot;},{&quot;label&quot;:&quot;Email&quot;,&quot;type&quot;:&quot;email&quot;,&quot;placeholder&quot;:&quot;Email&quot;,&quot;required&quot;:&quot;true&quot;,&quot;_id&quot;:&quot;dab1186&quot;,&quot;acceptance_text&quot;:null,&quot;step_previous_button&quot;:null,&quot;step_next_button&quot;:null,&quot;field_custom_id&quot;:&quot;dab1186&quot;,&quot;recaptcha_badge&quot;:null,&quot;recaptcha_theme&quot;:null,&quot;recaptcha_size&quot;:null,&quot;checked_by_default&quot;:null,&quot;min_time&quot;:null,&quot;max_time&quot;:null,&quot;min_date&quot;:null,&quot;max_date&quot;:null,&quot;localization&quot;:null,&quot;min&quot;:null,&quot;max&quot;:null,&quot;field_options&quot;:null,&quot;inline_list&quot;:null,&quot;field_html&quot;:null,&quot;native_html5&quot;:null,&quot;multiple_selection&quot;:null,&quot;rows&quot;:null,&quot;iti_tel&quot;:null,&quot;iti_tel_tel_type&quot;:null,&quot;iti_tel_require_area&quot;:null,&quot;iti_tel_allow_dropdown&quot;:null,&quot;iti_tel_country_include&quot;:null,&quot;iti_tel_ip_detect&quot;:null,&quot;iti_tel_internationalize&quot;:null,&quot;file_sizes&quot;:null,&quot;file_types&quot;:null,&quot;allow_multiple_upload&quot;:null,&quot;max_files&quot;:null,&quot;step_icon&quot;:null,&quot;width&quot;:&quot;100&quot;,&quot;field_value&quot;:&quot;&quot;},{&quot;label&quot;:&quot;T\\u00e9l\\u00e9phone&quot;,&quot;type&quot;:&quot;tel&quot;,&quot;placeholder&quot;:&quot;T\\u00e9l\\u00e9phone&quot;,&quot;required&quot;:&quot;true&quot;,&quot;acceptance_text&quot;:null,&quot;_id&quot;:&quot;1b05bf4&quot;,&quot;step_previous_button&quot;:null,&quot;step_next_button&quot;:null,&quot;field_custom_id&quot;:&quot;1b05bf4&quot;,&quot;recaptcha_badge&quot;:null,&quot;recaptcha_theme&quot;:null,&quot;recaptcha_size&quot;:null,&quot;checked_by_default&quot;:null,&quot;min_time&quot;:null,&quot;max_time&quot;:null,&quot;min_date&quot;:null,&quot;max_date&quot;:null,&quot;localization&quot;:null,&quot;min&quot;:null,&quot;max&quot;:null,&quot;field_options&quot;:null,&quot;inline_list&quot;:null,&quot;field_html&quot;:null,&quot;native_html5&quot;:null,&quot;multiple_selection&quot;:null,&quot;rows&quot;:null,&quot;iti_tel&quot;:&quot;&quot;,&quot;iti_tel_tel_type&quot;:null,&quot;iti_tel_require_area&quot;:null,&quot;iti_tel_allow_dropdown&quot;:null,&quot;iti_tel_country_include&quot;:null,&quot;iti_tel_ip_detect&quot;:null,&quot;iti_tel_internationalize&quot;:null,&quot;file_sizes&quot;:null,&quot;file_types&quot;:null,&quot;allow_multiple_upload&quot;:null,&quot;max_files&quot;:null,&quot;step_icon&quot;:null,&quot;width&quot;:&quot;100&quot;,&quot;field_value&quot;:&quot;&quot;},{&quot;label&quot;:&quot;Message&quot;,&quot;type&quot;:&quot;textarea&quot;,&quot;placeholder&quot;:&quot;Message&quot;,&quot;_id&quot;:&quot;91d3685&quot;,&quot;acceptance_text&quot;:null,&quot;step_previous_button&quot;:null,&quot;step_next_button&quot;:null,&quot;field_custom_id&quot;:&quot;91d3685&quot;,&quot;recaptcha_badge&quot;:null,&quot;recaptcha_theme&quot;:null,&quot;recaptcha_size&quot;:null,&quot;checked_by_default&quot;:null,&quot;min_time&quot;:null,&quot;max_time&quot;:null,&quot;min_date&quot;:null,&quot;max_date&quot;:null,&quot;localization&quot;:null,&quot;min&quot;:null,&quot;max&quot;:null,&quot;field_options&quot;:null,&quot;inline_list&quot;:null,&quot;field_html&quot;:null,&quot;native_html5&quot;:null,&quot;multiple_selection&quot;:null,&quot;rows&quot;:5,&quot;required&quot;:&quot;&quot;,&quot;iti_tel&quot;:null,&quot;iti_tel_tel_type&quot;:null,&quot;iti_tel_require_area&quot;:null,&quot;iti_tel_allow_dropdown&quot;:null,&quot;iti_tel_country_include&quot;:null,&quot;iti_tel_ip_detect&quot;:null,&quot;iti_tel_internationalize&quot;:null,&quot;file_sizes&quot;:null,&quot;file_types&quot;:null,&quot;allow_multiple_upload&quot;:null,&quot;max_files&quot;:null,&quot;step_icon&quot;:null,&quot;width&quot;:&quot;100&quot;,&quot;field_value&quot;:&quot;&quot;}],&quot;steps_type&quot;:&quot;number&quot;,&quot;steps_icon_shape&quot;:&quot;circle&quot;}\" data-widget_type=\"raven-form.default\">\n\t\t\t\t<div class=\"elementor-widget-container\">\n\t\t\t\t\t\t\t<form class=\"raven-form raven-flex raven-flex-wrap raven-flex-bottom raven-hide-required-mark\" method=\"post\" name=\"New form\">\r\n\t\t\t<input type=\"hidden\" name=\"post_id\" value=\"39\" \/>\r\n\t\t\t<input type=\"hidden\" name=\"form_id\" value=\"8b97294\" \/>\r\n\t\t\t\t\t<div id=\"raven-field-group-6071b13\" class=\"raven-flex-wrap raven-field-type-text raven-field-group elementor-column elementor-col-100\">\r\n\t\t\t\t\t<input\r\n\t\t\toninput=\"onInvalidRavenFormField(event)\"\r\n\t\t\toninvalid=\"onInvalidRavenFormField(event)\"\r\n\t\t\ttype=\"text\" name=\"fields[6071b13]\" id=\"form-field-6071b13\" class=\"raven-field\" placeholder=\"Pr\u00e9nom \/ nom de famille\" data-type=\"text\">\r\n\t\t\t\t<\/div>\r\n\t\t\t\t<div id=\"raven-field-group-dab1186\" class=\"raven-flex-wrap raven-field-type-email raven-field-group elementor-column elementor-col-100 raven-field-required\">\r\n\t\t\t\t\t<input\r\n\t\t\toninput=\"onInvalidRavenFormField(event)\"\r\n\t\t\toninvalid=\"onInvalidRavenFormField(event)\"\r\n\t\t\ttype=\"email\" name=\"fields[dab1186]\" id=\"form-field-dab1186\" class=\"raven-field\" placeholder=\"Email\" data-type=\"email\" required=\"required\">\r\n\t\t\t\t<\/div>\r\n\t\t\t\t<div id=\"raven-field-group-1b05bf4\" class=\"raven-flex-wrap raven-field-type-tel raven-field-group elementor-column elementor-col-100 raven-field-required\">\r\n\t\t\t\t\t<input\r\n\t\t\toninput=\"onInvalidRavenFormField(event)\"\r\n\t\t\toninvalid=\"onInvalidRavenFormField(event)\"\r\n\t\t\ttype=\"tel\" name=\"fields[1b05bf4]\" id=\"form-field-1b05bf4\" class=\"raven-field\" placeholder=\"T\u00e9l\u00e9phone\" data-type=\"tel\" required=\"required\" pattern=\"^[0-9\\-\\+\\s\\(\\)]*$\" title=\"The value should only consist numbers and phone characters (-, +, (), etc)\">\r\n\t\t\t\t<\/div>\r\n\t\t\t\t<div id=\"raven-field-group-91d3685\" class=\"raven-flex-wrap raven-field-type-textarea raven-field-group elementor-column elementor-col-100\">\r\n\t\t\t\t\t<textarea\r\n\t\t\toninput=\"onInvalidRavenFormField(event)\"\r\n\t\t\toninvalid=\"onInvalidRavenFormField(event)\"\r\n\t\t\ttype=\"textarea\" name=\"fields[91d3685]\" id=\"form-field-91d3685\" class=\"raven-field\" placeholder=\"Message\" data-type=\"textarea\"\t\t\trows=\"5\"><\/textarea>\r\n\t\t\t\t<\/div>\r\n\t\t\t\t\t\t\t<div class=\"raven-field-group raven-field-type-submit-button elementor-column elementor-col-33\">\r\n\t\t\t\t\t\t\t\t\t<button class=\"raven-submit-button\" type=\"submit\">\r\n\t\t\t\t\t\t<span>Envoyer <\/span>\r\n\t\t<\/button>\r\n\t\t\t\t\t\t\t<\/div>\r\n\t\t\t\t<\/form>\r\n\r\n\t\t\t\t\t\t\t\t<\/div>\n\t\t\t\t<\/div>\n\t\t\t\t\t<\/div>\n\t\t<\/div>\n\t\t\t\t\t<\/div>\n\t\t<\/section>\n\t\t\t\t<\/div>\n\t\t","protected":false},"excerpt":{"rendered":"<p>Coordonn\u00e9es Adresse: Erzene Mahallesi, 80. Sk. No:14, 35040 Bornova\/\u0130zmirE-Mail: info@netsclub.com.trT\u00e9l\u00e9phone: 0 (232) 388 28 88 R\u00e9seaux Sociaux Facebook Instagram Twitter Youtube Envoyer le Message Envoyer<\/p>\n","protected":false},"author":1,"featured_media":0,"parent":0,"menu_order":0,"comment_status":"closed","ping_status":"closed","template":"","meta":{"_acf_changed":false,"footnotes":""},"class_list":["post-39","page","type-page","status-publish","hentry"],"acf":[],"_links":{"self":[{"href":"https:\/\/netspoliklinigi.com\/fr\/wp-json\/wp\/v2\/pages\/39","targetHints":{"allow":["GET"]}}],"collection":[{"href":"https:\/\/netspoliklinigi.com\/fr\/wp-json\/wp\/v2\/pages"}],"about":[{"href":"https:\/\/netspoliklinigi.com\/fr\/wp-json\/wp\/v2\/types\/page"}],"author":[{"embeddable":true,"href":"https:\/\/netspoliklinigi.com\/fr\/wp-json\/wp\/v2\/users\/1"}],"replies":[{"embeddable":true,"href":"https:\/\/netspoliklinigi.com\/fr\/wp-json\/wp\/v2\/comments?post=39"}],"version-history":[{"count":31,"href":"https:\/\/netspoliklinigi.com\/fr\/wp-json\/wp\/v2\/pages\/39\/revisions"}],"predecessor-version":[{"id":1753,"href":"https:\/\/netspoliklinigi.com\/fr\/wp-json\/wp\/v2\/pages\/39\/revisions\/1753"}],"wp:attachment":[{"href":"https:\/\/netspoliklinigi.com\/fr\/wp-json\/wp\/v2\/media?parent=39"}],"curies":[{"name":"wp","href":"https:\/\/api.w.org\/{rel}","templated":true}]}}