{"id":35,"date":"2022-05-28T22:01:23","date_gmt":"2022-05-28T19:01:23","guid":{"rendered":"http:\/\/netspoliklinik.demositeler.xyz\/?page_id=35"},"modified":"2023-05-12T17:14:01","modified_gmt":"2023-05-12T14:14:01","slug":"affaiblissement","status":"publish","type":"page","link":"https:\/\/netspoliklinigi.com\/fr\/affaiblissement\/","title":{"rendered":"Affaiblissement"},"content":{"rendered":"\t\t<div data-elementor-type=\"wp-page\" data-elementor-id=\"35\" class=\"elementor elementor-35\">\n\t\t\t\t\t\t<section class=\"elementor-section elementor-top-section elementor-element elementor-element-c15f976 elementor-section-height-min-height elementor-section-boxed elementor-section-height-default elementor-section-items-middle\" data-id=\"c15f976\" data-element_type=\"section\" data-settings=\"{&quot;background_background&quot;:&quot;slideshow&quot;,&quot;background_slideshow_gallery&quot;:[{&quot;id&quot;:1486,&quot;url&quot;:&quot;https:\\\/\\\/netspoliklinigi.com\\\/fr\\\/wp-content\\\/uploads\\\/2022\\\/06\\\/yuikyjh.jpg&quot;}],&quot;background_slideshow_ken_burns&quot;:&quot;yes&quot;,&quot;background_slideshow_loop&quot;:&quot;yes&quot;,&quot;background_slideshow_slide_duration&quot;:5000,&quot;background_slideshow_slide_transition&quot;:&quot;fade&quot;,&quot;background_slideshow_transition_duration&quot;:500,&quot;background_slideshow_ken_burns_zoom_direction&quot;:&quot;in&quot;}\">\n\t\t\t\t\t\t<div class=\"elementor-container elementor-column-gap-default\">\n\t\t\t\t\t<div class=\"elementor-column elementor-col-100 elementor-top-column elementor-element elementor-element-964b421\" data-id=\"964b421\" data-element_type=\"column\">\n\t\t\t<div class=\"elementor-widget-wrap elementor-element-populated\">\n\t\t\t\t\t\t<div class=\"elementor-element elementor-element-ad8913f elementor-widget elementor-widget-heading\" data-id=\"ad8913f\" data-element_type=\"widget\" data-widget_type=\"heading.default\">\n\t\t\t\t<div class=\"elementor-widget-container\">\n\t\t\t\t\t<h2 class=\"elementor-heading-title elementor-size-default\">Affaiblissement<\/h2>\t\t\t\t<\/div>\n\t\t\t\t<\/div>\n\t\t\t\t<div class=\"elementor-element elementor-element-cd5c3de elementor-align-left elementor-widget elementor-widget-raven-breadcrumbs\" data-id=\"cd5c3de\" data-element_type=\"widget\" data-widget_type=\"raven-breadcrumbs.default\">\n\t\t\t\t<div class=\"elementor-widget-container\">\n\t\t\t\t\t<div class=\"raven-breadcrumbs raven-breadcrumbs-navxt\"><div class=\"breadcrumb\" typeof=\"BreadcrumbList\" vocab=\"https:\/\/schema.org\/\"><!-- Breadcrumb NavXT 7.4.1 -->\n<span property=\"itemListElement\" typeof=\"ListItem\"><a property=\"item\" typeof=\"WebPage\" title=\"Go to Nets Poliklini\u011fi.\" href=\"https:\/\/netspoliklinigi.com\/fr\" class=\"home\" aria-current=\"page\"><span property=\"name\">Nets Poliklini\u011fi<\/span><\/a><meta property=\"position\" content=\"1\"><\/span><\/div><\/div>\t\t\t\t<\/div>\n\t\t\t\t<\/div>\n\t\t\t\t\t<\/div>\n\t\t<\/div>\n\t\t\t\t\t<\/div>\n\t\t<\/section>\n\t\t\t\t<section class=\"elementor-section elementor-top-section elementor-element elementor-element-0488405 elementor-section-boxed elementor-section-height-default elementor-section-height-default\" data-id=\"0488405\" data-element_type=\"section\">\n\t\t\t\t\t\t<div class=\"elementor-container elementor-column-gap-default\">\n\t\t\t\t\t<div class=\"elementor-column elementor-col-100 elementor-top-column elementor-element elementor-element-77f5ac8\" data-id=\"77f5ac8\" data-element_type=\"column\">\n\t\t\t<div class=\"elementor-widget-wrap elementor-element-populated\">\n\t\t\t\t\t\t<div class=\"elementor-element elementor-element-770b63d elementor-widget elementor-widget-spacer\" data-id=\"770b63d\" data-element_type=\"widget\" data-widget_type=\"spacer.default\">\n\t\t\t\t<div class=\"elementor-widget-container\">\n\t\t\t\t\t\t\t<div class=\"elementor-spacer\">\n\t\t\t<div class=\"elementor-spacer-inner\"><\/div>\n\t\t<\/div>\n\t\t\t\t\t\t<\/div>\n\t\t\t\t<\/div>\n\t\t\t\t<div class=\"elementor-element elementor-element-72948bb elementor-widget elementor-widget-text-editor\" data-id=\"72948bb\" data-element_type=\"widget\" data-widget_type=\"text-editor.default\">\n\t\t\t\t<div class=\"elementor-widget-container\">\n\t\t\t\t\t\t\t\t\t<ul><li>Conseil en nutrition et di\u00e9t\u00e9tique<\/li><li>Perte de poids saine et personnalis\u00e9e et nutrition<\/li><li>Conseil en alimentation en entreprise<\/li><li>Analyse de la composition corporelle<\/li><li>Indice de masse corporelle<\/li><li>Ob\u00e9sit\u00e9<\/li><li>Grossir<\/li><li>Nutrition sportive<\/li><li>Nutrition grossesse<\/li><li>Nutrition maladies<\/li><li>detoks: D\u00e9sintoxication<\/li><\/ul>\t\t\t\t\t\t\t\t<\/div>\n\t\t\t\t<\/div>\n\t\t\t\t\t<\/div>\n\t\t<\/div>\n\t\t\t\t\t<\/div>\n\t\t<\/section>\n\t\t\t\t<\/div>\n\t\t","protected":false},"excerpt":{"rendered":"<p>Nets Poliklini\u011fi Conseil en nutrition et di\u00e9t\u00e9tique Perte de poids saine et personnalis\u00e9e et nutrition Conseil en alimentation en entreprise Analyse de la composition corporelle Indice de masse corporelle Ob\u00e9sit\u00e9 Grossir Nutrition sportive Nutrition grossesse Nutrition maladies detoks: D\u00e9sintoxication<\/p>\n","protected":false},"author":1,"featured_media":379,"parent":0,"menu_order":0,"comment_status":"closed","ping_status":"closed","template":"elementor_header_footer","meta":{"_acf_changed":false,"footnotes":""},"class_list":["post-35","page","type-page","status-publish","has-post-thumbnail","hentry"],"acf":[],"_links":{"self":[{"href":"https:\/\/netspoliklinigi.com\/fr\/wp-json\/wp\/v2\/pages\/35","targetHints":{"allow":["GET"]}}],"collection":[{"href":"https:\/\/netspoliklinigi.com\/fr\/wp-json\/wp\/v2\/pages"}],"about":[{"href":"https:\/\/netspoliklinigi.com\/fr\/wp-json\/wp\/v2\/types\/page"}],"author":[{"embeddable":true,"href":"https:\/\/netspoliklinigi.com\/fr\/wp-json\/wp\/v2\/users\/1"}],"replies":[{"embeddable":true,"href":"https:\/\/netspoliklinigi.com\/fr\/wp-json\/wp\/v2\/comments?post=35"}],"version-history":[{"count":29,"href":"https:\/\/netspoliklinigi.com\/fr\/wp-json\/wp\/v2\/pages\/35\/revisions"}],"predecessor-version":[{"id":1740,"href":"https:\/\/netspoliklinigi.com\/fr\/wp-json\/wp\/v2\/pages\/35\/revisions\/1740"}],"wp:featuredmedia":[{"embeddable":true,"href":"https:\/\/netspoliklinigi.com\/fr\/wp-json\/wp\/v2\/media\/379"}],"wp:attachment":[{"href":"https:\/\/netspoliklinigi.com\/fr\/wp-json\/wp\/v2\/media?parent=35"}],"curies":[{"name":"wp","href":"https:\/\/api.w.org\/{rel}","templated":true}]}}