{"id":27,"date":"2022-05-28T21:58:08","date_gmt":"2022-05-28T18:58:08","guid":{"rendered":"http:\/\/netspoliklinik.demositeler.xyz\/?page_id=27"},"modified":"2023-05-12T17:06:50","modified_gmt":"2023-05-12T14:06:50","slug":"renouvellement-de-la-peau","status":"publish","type":"page","link":"https:\/\/netspoliklinigi.com\/fr\/renouvellement-de-la-peau\/","title":{"rendered":"Renouvellement de la Peau"},"content":{"rendered":"\n<div class=\"wp-block-columns is-layout-flex wp-container-core-columns-is-layout-9d6595d7 wp-block-columns-is-layout-flex\">\n<div class=\"wp-block-column is-layout-flow wp-block-column-is-layout-flow\">\n<ul class=\"wp-block-list\"><li>Harmony Laser<\/li><li>Lifting (s\u00e9rum de jeunne)<\/li><li>Plasma Riche En Plaquettes<\/li><li>H-100(s\u00e9rum de jeunne)<\/li><li>Thermi Lift ( Hollywood joue)<\/li><li>Thulium Laser<\/li><li>Maximus<\/li><li>Somon DNA<\/li><li>Traitment des rides<\/li><li>Remplissage<\/li><li>Fraksiyonel Laser<\/li><li>L\u2019aiguille Dor\u00e9e (Secret)<\/li><li>Exilis<\/li><li>Ultraformer (HIFU-lifting non chirurgical<\/li><li>Soins m\u00e9dicaux de la peau aquatique<\/li><li>Carbon peeling (Q-Switched ND-Yag Laser)<\/li><\/ul>\n<\/div>\n\n\n\n<div class=\"wp-block-column is-layout-flow wp-block-column-is-layout-flow\">\n<ul class=\"wp-block-list\" id=\"block-d9a3b03e-b1b7-4b25-a380-a5d8f50d9b76\"><li>Jaunissement des plumes avec laser<\/li><li>D\u00e9tatouage<\/li><li>Les s\u00e9rums jeunnesse<\/li><li>Dermapen<\/li><li>L\u2019acne&nbsp; traitement<\/li><li>Ozonoth\u00e9rapie<\/li><li>Esth\u00e9tique non chirurgicale des paupi\u00e8res<\/li><li>Suspension de visage avec fil<\/li><li>Traitement contre la transpiration excessive<\/li><li>Maquillage permanent (technique capillaire)<\/li><li>Greffe de cheveux<\/li><li>Traitement des veines capillaires (varices)<\/li><li>Rehaussement de cils<\/li><li>Permanente des C\u0131ls<\/li><li>Solarium<\/li><\/ul>\n<\/div>\n<\/div>\n","protected":false},"excerpt":{"rendered":"<p>Harmony Laser Lifting (s\u00e9rum de jeunne) Plasma Riche En Plaquettes H-100(s\u00e9rum de jeunne) Thermi Lift ( Hollywood joue) Thulium Laser Maximus Somon DNA Traitment des rides Remplissage Fraksiyonel Laser L\u2019aiguille Dor\u00e9e (Secret) Exilis Ultraformer (HIFU-lifting non chirurgical Soins m\u00e9dicaux de la peau aquatique Carbon peeling (Q-Switched ND-Yag Laser) Jaunissement des plumes avec laser D\u00e9tatouage Les [&hellip;]<\/p>\n","protected":false},"author":1,"featured_media":374,"parent":0,"menu_order":0,"comment_status":"closed","ping_status":"closed","template":"","meta":{"_acf_changed":false,"footnotes":""},"class_list":["post-27","page","type-page","status-publish","has-post-thumbnail","hentry"],"acf":[],"_links":{"self":[{"href":"https:\/\/netspoliklinigi.com\/fr\/wp-json\/wp\/v2\/pages\/27","targetHints":{"allow":["GET"]}}],"collection":[{"href":"https:\/\/netspoliklinigi.com\/fr\/wp-json\/wp\/v2\/pages"}],"about":[{"href":"https:\/\/netspoliklinigi.com\/fr\/wp-json\/wp\/v2\/types\/page"}],"author":[{"embeddable":true,"href":"https:\/\/netspoliklinigi.com\/fr\/wp-json\/wp\/v2\/users\/1"}],"replies":[{"embeddable":true,"href":"https:\/\/netspoliklinigi.com\/fr\/wp-json\/wp\/v2\/comments?post=27"}],"version-history":[{"count":23,"href":"https:\/\/netspoliklinigi.com\/fr\/wp-json\/wp\/v2\/pages\/27\/revisions"}],"predecessor-version":[{"id":1726,"href":"https:\/\/netspoliklinigi.com\/fr\/wp-json\/wp\/v2\/pages\/27\/revisions\/1726"}],"wp:featuredmedia":[{"embeddable":true,"href":"https:\/\/netspoliklinigi.com\/fr\/wp-json\/wp\/v2\/media\/374"}],"wp:attachment":[{"href":"https:\/\/netspoliklinigi.com\/fr\/wp-json\/wp\/v2\/media?parent=27"}],"curies":[{"name":"wp","href":"https:\/\/api.w.org\/{rel}","templated":true}]}}