{"id":1800,"date":"2026-02-17T09:47:43","date_gmt":"2026-02-17T06:47:43","guid":{"rendered":"https:\/\/netspoliklinigi.com\/fr\/?page_id=1800"},"modified":"2026-02-17T09:49:58","modified_gmt":"2026-02-17T06:49:58","slug":"op-dr-filiz-ertan","status":"publish","type":"page","link":"https:\/\/netspoliklinigi.com\/fr\/op-dr-filiz-ertan\/","title":{"rendered":"Op. Dr. Filiz ERTAN"},"content":{"rendered":"\t\t<div data-elementor-type=\"wp-page\" data-elementor-id=\"1800\" class=\"elementor elementor-1800\">\n\t\t\t\t\t\t<section class=\"elementor-section elementor-top-section elementor-element elementor-element-5002479 elementor-section-boxed elementor-section-height-default elementor-section-height-default\" data-id=\"5002479\" data-element_type=\"section\">\n\t\t\t\t\t\t<div class=\"elementor-container elementor-column-gap-default\">\n\t\t\t\t\t<div class=\"elementor-column elementor-col-50 elementor-top-column elementor-element elementor-element-4cba303\" data-id=\"4cba303\" data-element_type=\"column\">\n\t\t\t<div class=\"elementor-widget-wrap elementor-element-populated\">\n\t\t\t\t\t\t<div class=\"elementor-element elementor-element-97ca5f1 elementor-widget elementor-widget-image\" data-id=\"97ca5f1\" data-element_type=\"widget\" data-widget_type=\"image.default\">\n\t\t\t\t<div class=\"elementor-widget-container\">\n\t\t\t\t\t\t\t\t\t\t\t\t\t\t\t<img fetchpriority=\"high\" decoding=\"async\" width=\"638\" height=\"922\" src=\"https:\/\/netspoliklinigi.com\/fr\/wp-content\/uploads\/2026\/02\/filiz.jpeg\" class=\"attachment-full size-full wp-image-1802\" alt=\"\" srcset=\"https:\/\/netspoliklinigi.com\/fr\/wp-content\/uploads\/2026\/02\/filiz.jpeg 638w, https:\/\/netspoliklinigi.com\/fr\/wp-content\/uploads\/2026\/02\/filiz-208x300.jpeg 208w\" sizes=\"(max-width: 638px) 100vw, 638px\" \/>\t\t\t\t\t\t\t\t\t\t\t\t\t\t\t<\/div>\n\t\t\t\t<\/div>\n\t\t\t\t\t<\/div>\n\t\t<\/div>\n\t\t\t\t<div class=\"elementor-column elementor-col-50 elementor-top-column elementor-element elementor-element-762e695\" data-id=\"762e695\" data-element_type=\"column\">\n\t\t\t<div class=\"elementor-widget-wrap elementor-element-populated\">\n\t\t\t\t\t\t<div class=\"elementor-element elementor-element-518acb8 elementor-widget-divider--view-line_icon elementor-view-default elementor-widget-divider--element-align-center elementor-widget elementor-widget-divider\" data-id=\"518acb8\" data-element_type=\"widget\" data-widget_type=\"divider.default\">\n\t\t\t\t<div class=\"elementor-widget-container\">\n\t\t\t\t\t\t\t<div class=\"elementor-divider\">\n\t\t\t<span class=\"elementor-divider-separator\">\n\t\t\t\t\t\t\t<div class=\"elementor-icon elementor-divider__element\">\n\t\t\t\t\t<svg xmlns=\"http:\/\/www.w3.org\/2000\/svg\" viewBox=\"0 0 519.31 494.11\"><defs><style>.cls-1{fill:#fd79a8;}<\/style><\/defs><g id=\"katman_2\" data-name=\"katman 2\"><g id=\"katman_1-2\" data-name=\"katman 1\"><polygon class=\"cls-1\" points=\"393.03 65.88 392.4 66.64 153.15 354.48 103.96 360.1 124.59 323.55 24.72 322.64 41.45 293.27 0 260.35 39.19 238.87 30.21 208.68 101.37 224.35 18.9 107.59 77.23 94.57 93.06 5.09 159.25 62.29 197.98 33.08 234.98 127.71 312.45 1.7 349.11 37.91 443.46 0 425.29 95.69 471.09 126.5 364.63 230.64 469.15 243.69 448.07 288.13 519.31 339.02 438.38 373.92 436.44 436.92 301.94 382.15 333.69 443.22 335.14 446.13 304.85 442.49 288.37 494.11 249.36 459.21 226.82 483.21 198.95 384.33 174.72 412.69 163.82 360.59 393.03 65.88\"><\/polygon><\/g><\/g><\/svg><\/div>\n\t\t\t\t\t\t<\/span>\n\t\t<\/div>\n\t\t\t\t\t\t<\/div>\n\t\t\t\t<\/div>\n\t\t\t\t<div class=\"elementor-element elementor-element-61f2d40 elementor-widget elementor-widget-text-editor\" data-id=\"61f2d40\" data-element_type=\"widget\" data-widget_type=\"text-editor.default\">\n\t\t\t\t<div class=\"elementor-widget-container\">\n\t\t\t\t\t\t\t\t\t<p><strong>Formation :<\/strong><br \/>Facult\u00e9 de m\u00e9decine de l\u2019Universit\u00e9 d\u2019Ege<\/p><p><strong>Exp\u00e9rience professionnelle :<\/strong><br \/>H\u00f4pital d\u2019\u00c9tat de Kar\u015f\u0131yaka<br \/>H\u00f4pital d\u2019\u00c9tat d\u2019\u00d6demi\u015f<br \/>H\u00f4pital d\u2019\u00c9tat de Menemen<\/p><p><strong>Affiliations :<\/strong><br \/>Association m\u00e9dicale turque<br \/>Association Mested<\/p><p><strong>Formations, congr\u00e8s et publications :<\/strong><br \/>Sp\u00e9cialisation en gyn\u00e9cologie-obst\u00e9trique<br \/>Certificat du minist\u00e8re de la Sant\u00e9 en proc\u00e9dures esth\u00e9tiques et cosm\u00e9tiques<\/p>\t\t\t\t\t\t\t\t<\/div>\n\t\t\t\t<\/div>\n\t\t\t\t\t<\/div>\n\t\t<\/div>\n\t\t\t\t\t<\/div>\n\t\t<\/section>\n\t\t\t\t<\/div>\n\t\t","protected":false},"excerpt":{"rendered":"<p>Formation :Facult\u00e9 de m\u00e9decine de l\u2019Universit\u00e9 d\u2019Ege Exp\u00e9rience professionnelle :H\u00f4pital d\u2019\u00c9tat de Kar\u015f\u0131yakaH\u00f4pital d\u2019\u00c9tat d\u2019\u00d6demi\u015fH\u00f4pital d\u2019\u00c9tat de Menemen Affiliations :Association m\u00e9dicale turqueAssociation Mested Formations, congr\u00e8s et publications :Sp\u00e9cialisation en gyn\u00e9cologie-obst\u00e9triqueCertificat du minist\u00e8re de la Sant\u00e9 en proc\u00e9dures esth\u00e9tiques et cosm\u00e9tiques<\/p>\n","protected":false},"author":1,"featured_media":1802,"parent":0,"menu_order":0,"comment_status":"closed","ping_status":"closed","template":"","meta":{"_acf_changed":false,"footnotes":""},"class_list":["post-1800","page","type-page","status-publish","has-post-thumbnail","hentry"],"acf":[],"_links":{"self":[{"href":"https:\/\/netspoliklinigi.com\/fr\/wp-json\/wp\/v2\/pages\/1800","targetHints":{"allow":["GET"]}}],"collection":[{"href":"https:\/\/netspoliklinigi.com\/fr\/wp-json\/wp\/v2\/pages"}],"about":[{"href":"https:\/\/netspoliklinigi.com\/fr\/wp-json\/wp\/v2\/types\/page"}],"author":[{"embeddable":true,"href":"https:\/\/netspoliklinigi.com\/fr\/wp-json\/wp\/v2\/users\/1"}],"replies":[{"embeddable":true,"href":"https:\/\/netspoliklinigi.com\/fr\/wp-json\/wp\/v2\/comments?post=1800"}],"version-history":[{"count":4,"href":"https:\/\/netspoliklinigi.com\/fr\/wp-json\/wp\/v2\/pages\/1800\/revisions"}],"predecessor-version":[{"id":1805,"href":"https:\/\/netspoliklinigi.com\/fr\/wp-json\/wp\/v2\/pages\/1800\/revisions\/1805"}],"wp:featuredmedia":[{"embeddable":true,"href":"https:\/\/netspoliklinigi.com\/fr\/wp-json\/wp\/v2\/media\/1802"}],"wp:attachment":[{"href":"https:\/\/netspoliklinigi.com\/fr\/wp-json\/wp\/v2\/media?parent=1800"}],"curies":[{"name":"wp","href":"https:\/\/api.w.org\/{rel}","templated":true}]}}