{"id":1774,"date":"2025-06-12T11:13:46","date_gmt":"2025-06-12T08:13:46","guid":{"rendered":"https:\/\/netspoliklinigi.com\/fr\/?page_id=1774"},"modified":"2025-06-12T11:48:03","modified_gmt":"2025-06-12T08:48:03","slug":"dr-turgay-kefeli","status":"publish","type":"page","link":"https:\/\/netspoliklinigi.com\/fr\/dr-turgay-kefeli\/","title":{"rendered":"Dr. Turgay KEFEL\u0130"},"content":{"rendered":"\t\t<div data-elementor-type=\"wp-page\" data-elementor-id=\"1774\" class=\"elementor elementor-1774\">\n\t\t\t\t\t\t<section class=\"elementor-section elementor-top-section elementor-element elementor-element-5002479 elementor-section-boxed elementor-section-height-default elementor-section-height-default\" data-id=\"5002479\" data-element_type=\"section\">\n\t\t\t\t\t\t<div class=\"elementor-container elementor-column-gap-default\">\n\t\t\t\t\t<div class=\"elementor-column elementor-col-50 elementor-top-column elementor-element elementor-element-4cba303\" data-id=\"4cba303\" data-element_type=\"column\">\n\t\t\t<div class=\"elementor-widget-wrap elementor-element-populated\">\n\t\t\t\t\t\t<div class=\"elementor-element elementor-element-97ca5f1 elementor-widget elementor-widget-image\" data-id=\"97ca5f1\" data-element_type=\"widget\" data-widget_type=\"image.default\">\n\t\t\t\t<div class=\"elementor-widget-container\">\n\t\t\t\t\t\t\t\t\t\t\t\t\t\t\t<img fetchpriority=\"high\" decoding=\"async\" width=\"682\" height=\"1024\" src=\"https:\/\/netspoliklinigi.com\/fr\/wp-content\/uploads\/2025\/06\/Dr.-Turgay-KEFELI.jpg\" class=\"attachment-full size-full wp-image-1775\" alt=\"\" srcset=\"https:\/\/netspoliklinigi.com\/fr\/wp-content\/uploads\/2025\/06\/Dr.-Turgay-KEFELI.jpg 682w, https:\/\/netspoliklinigi.com\/fr\/wp-content\/uploads\/2025\/06\/Dr.-Turgay-KEFELI-200x300.jpg 200w\" sizes=\"(max-width: 682px) 100vw, 682px\" \/>\t\t\t\t\t\t\t\t\t\t\t\t\t\t\t<\/div>\n\t\t\t\t<\/div>\n\t\t\t\t\t<\/div>\n\t\t<\/div>\n\t\t\t\t<div class=\"elementor-column elementor-col-50 elementor-top-column elementor-element elementor-element-762e695\" data-id=\"762e695\" data-element_type=\"column\">\n\t\t\t<div class=\"elementor-widget-wrap elementor-element-populated\">\n\t\t\t\t\t\t<div class=\"elementor-element elementor-element-518acb8 elementor-widget-divider--view-line_icon elementor-view-default elementor-widget-divider--element-align-center elementor-widget elementor-widget-divider\" data-id=\"518acb8\" data-element_type=\"widget\" data-widget_type=\"divider.default\">\n\t\t\t\t<div class=\"elementor-widget-container\">\n\t\t\t\t\t\t\t<div class=\"elementor-divider\">\n\t\t\t<span class=\"elementor-divider-separator\">\n\t\t\t\t\t\t\t<div class=\"elementor-icon elementor-divider__element\">\n\t\t\t\t\t<svg xmlns=\"http:\/\/www.w3.org\/2000\/svg\" viewBox=\"0 0 519.31 494.11\"><defs><style>.cls-1{fill:#fd79a8;}<\/style><\/defs><g id=\"katman_2\" data-name=\"katman 2\"><g id=\"katman_1-2\" data-name=\"katman 1\"><polygon class=\"cls-1\" points=\"393.03 65.88 392.4 66.64 153.15 354.48 103.96 360.1 124.59 323.55 24.72 322.64 41.45 293.27 0 260.35 39.19 238.87 30.21 208.68 101.37 224.35 18.9 107.59 77.23 94.57 93.06 5.09 159.25 62.29 197.98 33.08 234.98 127.71 312.45 1.7 349.11 37.91 443.46 0 425.29 95.69 471.09 126.5 364.63 230.64 469.15 243.69 448.07 288.13 519.31 339.02 438.38 373.92 436.44 436.92 301.94 382.15 333.69 443.22 335.14 446.13 304.85 442.49 288.37 494.11 249.36 459.21 226.82 483.21 198.95 384.33 174.72 412.69 163.82 360.59 393.03 65.88\"><\/polygon><\/g><\/g><\/svg><\/div>\n\t\t\t\t\t\t<\/span>\n\t\t<\/div>\n\t\t\t\t\t\t<\/div>\n\t\t\t\t<\/div>\n\t\t\t\t<div class=\"elementor-element elementor-element-61f2d40 elementor-widget elementor-widget-text-editor\" data-id=\"61f2d40\" data-element_type=\"widget\" data-widget_type=\"text-editor.default\">\n\t\t\t\t<div class=\"elementor-widget-container\">\n\t\t\t\t\t\t\t\t\t<p><strong>\u00c9ducation<\/strong><\/p><ul><li>19 mai, Facult\u00e9 de m\u00e9decine de l&#8217;Universit\u00e9<\/li><li>Universit\u00e9 de Sakarya, Master en administration des affaires<\/li><\/ul>\t\t\t\t\t\t\t\t<\/div>\n\t\t\t\t<\/div>\n\t\t\t\t\t<\/div>\n\t\t<\/div>\n\t\t\t\t\t<\/div>\n\t\t<\/section>\n\t\t\t\t<section class=\"elementor-section elementor-top-section elementor-element elementor-element-84567e4 elementor-section-boxed elementor-section-height-default elementor-section-height-default\" data-id=\"84567e4\" data-element_type=\"section\">\n\t\t\t\t\t\t<div class=\"elementor-container elementor-column-gap-default\">\n\t\t\t\t\t<div class=\"elementor-column elementor-col-50 elementor-top-column elementor-element elementor-element-1932dc6\" data-id=\"1932dc6\" data-element_type=\"column\">\n\t\t\t<div class=\"elementor-widget-wrap elementor-element-populated\">\n\t\t\t\t\t\t<div class=\"elementor-element elementor-element-257d8b7 elementor-widget elementor-widget-heading\" data-id=\"257d8b7\" data-element_type=\"widget\" data-widget_type=\"heading.default\">\n\t\t\t\t<div class=\"elementor-widget-container\">\n\t\t\t\t\t<h2 class=\"elementor-heading-title elementor-size-default\">Exp\u00e9rience Professionnelle<\/h2>\t\t\t\t<\/div>\n\t\t\t\t<\/div>\n\t\t\t\t<div class=\"elementor-element elementor-element-6a84bea elementor-widget-divider--view-line_icon elementor-view-default elementor-widget-divider--element-align-center elementor-widget elementor-widget-divider\" data-id=\"6a84bea\" data-element_type=\"widget\" data-widget_type=\"divider.default\">\n\t\t\t\t<div class=\"elementor-widget-container\">\n\t\t\t\t\t\t\t<div class=\"elementor-divider\">\n\t\t\t<span class=\"elementor-divider-separator\">\n\t\t\t\t\t\t\t<div class=\"elementor-icon elementor-divider__element\">\n\t\t\t\t\t<svg xmlns=\"http:\/\/www.w3.org\/2000\/svg\" viewBox=\"0 0 519.31 494.11\"><defs><style>.cls-1{fill:#fd79a8;}<\/style><\/defs><g id=\"katman_2\" data-name=\"katman 2\"><g id=\"katman_1-2\" data-name=\"katman 1\"><polygon class=\"cls-1\" points=\"393.03 65.88 392.4 66.64 153.15 354.48 103.96 360.1 124.59 323.55 24.72 322.64 41.45 293.27 0 260.35 39.19 238.87 30.21 208.68 101.37 224.35 18.9 107.59 77.23 94.57 93.06 5.09 159.25 62.29 197.98 33.08 234.98 127.71 312.45 1.7 349.11 37.91 443.46 0 425.29 95.69 471.09 126.5 364.63 230.64 469.15 243.69 448.07 288.13 519.31 339.02 438.38 373.92 436.44 436.92 301.94 382.15 333.69 443.22 335.14 446.13 304.85 442.49 288.37 494.11 249.36 459.21 226.82 483.21 198.95 384.33 174.72 412.69 163.82 360.59 393.03 65.88\"><\/polygon><\/g><\/g><\/svg><\/div>\n\t\t\t\t\t\t<\/span>\n\t\t<\/div>\n\t\t\t\t\t\t<\/div>\n\t\t\t\t<\/div>\n\t\t\t\t<div class=\"elementor-element elementor-element-f3841b7 elementor-widget elementor-widget-text-editor\" data-id=\"f3841b7\" data-element_type=\"widget\" data-widget_type=\"text-editor.default\">\n\t\t\t\t<div class=\"elementor-widget-container\">\n\t\t\t\t\t\t\t\t\t<ul> \n<li>Direction de la sant\u00e9 d&#8217;Antalya<\/li> \n<li>Direction de la sant\u00e9 d&#8217;Izmir<\/li> \n<li>Gestion dans les \u00e9tablissements de sant\u00e9 priv\u00e9s \u00e0 Izmir, Manisa et Kocaeli<\/li> \n<li>Direction de la sant\u00e9 d&#8217;Izmir<\/li>\n<\/ul>\t\t\t\t\t\t\t\t<\/div>\n\t\t\t\t<\/div>\n\t\t\t\t\t<\/div>\n\t\t<\/div>\n\t\t\t\t<div class=\"elementor-column elementor-col-50 elementor-top-column elementor-element elementor-element-c9bc4ea\" data-id=\"c9bc4ea\" data-element_type=\"column\">\n\t\t\t<div class=\"elementor-widget-wrap elementor-element-populated\">\n\t\t\t\t\t\t<div class=\"elementor-element elementor-element-1736525 elementor-widget elementor-widget-heading\" data-id=\"1736525\" data-element_type=\"widget\" data-widget_type=\"heading.default\">\n\t\t\t\t<div class=\"elementor-widget-container\">\n\t\t\t\t\t<h2 class=\"elementor-heading-title elementor-size-default\">Adh\u00e9sions<\/h2>\t\t\t\t<\/div>\n\t\t\t\t<\/div>\n\t\t\t\t<div class=\"elementor-element elementor-element-e66fea7 elementor-widget-divider--view-line_icon elementor-view-default elementor-widget-divider--element-align-center elementor-widget elementor-widget-divider\" data-id=\"e66fea7\" data-element_type=\"widget\" data-widget_type=\"divider.default\">\n\t\t\t\t<div class=\"elementor-widget-container\">\n\t\t\t\t\t\t\t<div class=\"elementor-divider\">\n\t\t\t<span class=\"elementor-divider-separator\">\n\t\t\t\t\t\t\t<div class=\"elementor-icon elementor-divider__element\">\n\t\t\t\t\t<svg xmlns=\"http:\/\/www.w3.org\/2000\/svg\" viewBox=\"0 0 519.31 494.11\"><defs><style>.cls-1{fill:#fd79a8;}<\/style><\/defs><g id=\"katman_2\" data-name=\"katman 2\"><g id=\"katman_1-2\" data-name=\"katman 1\"><polygon class=\"cls-1\" points=\"393.03 65.88 392.4 66.64 153.15 354.48 103.96 360.1 124.59 323.55 24.72 322.64 41.45 293.27 0 260.35 39.19 238.87 30.21 208.68 101.37 224.35 18.9 107.59 77.23 94.57 93.06 5.09 159.25 62.29 197.98 33.08 234.98 127.71 312.45 1.7 349.11 37.91 443.46 0 425.29 95.69 471.09 126.5 364.63 230.64 469.15 243.69 448.07 288.13 519.31 339.02 438.38 373.92 436.44 436.92 301.94 382.15 333.69 443.22 335.14 446.13 304.85 442.49 288.37 494.11 249.36 459.21 226.82 483.21 198.95 384.33 174.72 412.69 163.82 360.59 393.03 65.88\"><\/polygon><\/g><\/g><\/svg><\/div>\n\t\t\t\t\t\t<\/span>\n\t\t<\/div>\n\t\t\t\t\t\t<\/div>\n\t\t\t\t<\/div>\n\t\t\t\t<div class=\"elementor-element elementor-element-6f40513 elementor-widget elementor-widget-text-editor\" data-id=\"6f40513\" data-element_type=\"widget\" data-widget_type=\"text-editor.default\">\n\t\t\t\t<div class=\"elementor-widget-container\">\n\t\t\t\t\t\t\t\t\t<ul>\n\n<li>Chambre m\u00e9dicale<\/li>\n<\/ul>\t\t\t\t\t\t\t\t<\/div>\n\t\t\t\t<\/div>\n\t\t\t\t\t<\/div>\n\t\t<\/div>\n\t\t\t\t\t<\/div>\n\t\t<\/section>\n\t\t\t\t<section class=\"elementor-section elementor-top-section elementor-element elementor-element-c76995e elementor-section-boxed elementor-section-height-default elementor-section-height-default\" data-id=\"c76995e\" data-element_type=\"section\">\n\t\t\t\t\t\t<div class=\"elementor-container elementor-column-gap-default\">\n\t\t\t\t\t<div class=\"elementor-column elementor-col-100 elementor-top-column elementor-element elementor-element-c73b69f\" data-id=\"c73b69f\" data-element_type=\"column\">\n\t\t\t<div class=\"elementor-widget-wrap elementor-element-populated\">\n\t\t\t\t\t\t<div class=\"elementor-element elementor-element-491a2ad elementor-widget elementor-widget-text-editor\" data-id=\"491a2ad\" data-element_type=\"widget\" data-widget_type=\"text-editor.default\">\n\t\t\t\t<div class=\"elementor-widget-container\">\n\t\t\t\t\t\t\t\t\t<p><strong>Adh\u00e9sions<\/strong><\/p><p>* Association turque de m\u00e9decine d&#8217;urgence<\/p><p>* Association des sp\u00e9cialistes en m\u00e9decine d&#8217;urgence<\/p><p>* Association turque de th\u00e9rapie \u00e0 l&#8217;ozone<\/p><p>* Association de M\u00e9decine M\u00e9dico-Esth\u00e9tique<\/p>\t\t\t\t\t\t\t\t<\/div>\n\t\t\t\t<\/div>\n\t\t\t\t\t<\/div>\n\t\t<\/div>\n\t\t\t\t\t<\/div>\n\t\t<\/section>\n\t\t\t\t<\/div>\n\t\t","protected":false},"excerpt":{"rendered":"<p>\u00c9ducation 19 mai, Facult\u00e9 de m\u00e9decine de l&#8217;Universit\u00e9 Universit\u00e9 de Sakarya, Master en administration des affaires Exp\u00e9rience Professionnelle Direction de la sant\u00e9 d&#8217;Antalya Direction de la sant\u00e9 d&#8217;Izmir Gestion dans les \u00e9tablissements de sant\u00e9 priv\u00e9s \u00e0 Izmir, Manisa et Kocaeli Direction de la sant\u00e9 d&#8217;Izmir Adh\u00e9sions Chambre m\u00e9dicale Adh\u00e9sions * Association turque de m\u00e9decine d&#8217;urgence [&hellip;]<\/p>\n","protected":false},"author":1,"featured_media":1775,"parent":0,"menu_order":0,"comment_status":"closed","ping_status":"closed","template":"","meta":{"_acf_changed":false,"footnotes":""},"class_list":["post-1774","page","type-page","status-publish","has-post-thumbnail","hentry"],"acf":[],"_links":{"self":[{"href":"https:\/\/netspoliklinigi.com\/fr\/wp-json\/wp\/v2\/pages\/1774","targetHints":{"allow":["GET"]}}],"collection":[{"href":"https:\/\/netspoliklinigi.com\/fr\/wp-json\/wp\/v2\/pages"}],"about":[{"href":"https:\/\/netspoliklinigi.com\/fr\/wp-json\/wp\/v2\/types\/page"}],"author":[{"embeddable":true,"href":"https:\/\/netspoliklinigi.com\/fr\/wp-json\/wp\/v2\/users\/1"}],"replies":[{"embeddable":true,"href":"https:\/\/netspoliklinigi.com\/fr\/wp-json\/wp\/v2\/comments?post=1774"}],"version-history":[{"count":7,"href":"https:\/\/netspoliklinigi.com\/fr\/wp-json\/wp\/v2\/pages\/1774\/revisions"}],"predecessor-version":[{"id":1786,"href":"https:\/\/netspoliklinigi.com\/fr\/wp-json\/wp\/v2\/pages\/1774\/revisions\/1786"}],"wp:featuredmedia":[{"embeddable":true,"href":"https:\/\/netspoliklinigi.com\/fr\/wp-json\/wp\/v2\/media\/1775"}],"wp:attachment":[{"href":"https:\/\/netspoliklinigi.com\/fr\/wp-json\/wp\/v2\/media?parent=1774"}],"curies":[{"name":"wp","href":"https:\/\/api.w.org\/{rel}","templated":true}]}}