{"id":15,"date":"2022-05-28T21:51:30","date_gmt":"2022-05-28T18:51:30","guid":{"rendered":"http:\/\/netspoliklinik.demositeler.xyz\/?page_id=15"},"modified":"2025-08-29T09:59:22","modified_gmt":"2025-08-29T06:59:22","slug":"dr-umit-basol-bas","status":"publish","type":"page","link":"https:\/\/netspoliklinigi.com\/fr\/dr-umit-basol-bas\/","title":{"rendered":"Dr. \u00dcmit Ba\u015fol BA\u015e"},"content":{"rendered":"\t\t<div data-elementor-type=\"wp-page\" data-elementor-id=\"15\" class=\"elementor elementor-15\">\n\t\t\t\t\t\t<section class=\"elementor-section elementor-top-section elementor-element elementor-element-5002479 elementor-section-boxed elementor-section-height-default elementor-section-height-default\" data-id=\"5002479\" data-element_type=\"section\">\n\t\t\t\t\t\t<div class=\"elementor-container elementor-column-gap-default\">\n\t\t\t\t\t<div class=\"elementor-column elementor-col-50 elementor-top-column elementor-element elementor-element-4cba303\" data-id=\"4cba303\" data-element_type=\"column\">\n\t\t\t<div class=\"elementor-widget-wrap elementor-element-populated\">\n\t\t\t\t\t\t<div class=\"elementor-element elementor-element-97ca5f1 elementor-widget elementor-widget-image\" data-id=\"97ca5f1\" data-element_type=\"widget\" data-widget_type=\"image.default\">\n\t\t\t\t<div class=\"elementor-widget-container\">\n\t\t\t\t\t\t\t\t\t\t\t\t\t\t\t<img fetchpriority=\"high\" decoding=\"async\" width=\"1200\" height=\"1434\" src=\"https:\/\/netspoliklinigi.com\/fr\/wp-content\/uploads\/2025\/08\/dr-umit-basol-bas.jpg\" class=\"attachment-full size-full wp-image-1790\" alt=\"\" srcset=\"https:\/\/netspoliklinigi.com\/fr\/wp-content\/uploads\/2025\/08\/dr-umit-basol-bas.jpg 1200w, https:\/\/netspoliklinigi.com\/fr\/wp-content\/uploads\/2025\/08\/dr-umit-basol-bas-251x300.jpg 251w, https:\/\/netspoliklinigi.com\/fr\/wp-content\/uploads\/2025\/08\/dr-umit-basol-bas-857x1024.jpg 857w, https:\/\/netspoliklinigi.com\/fr\/wp-content\/uploads\/2025\/08\/dr-umit-basol-bas-768x918.jpg 768w\" sizes=\"(max-width: 1200px) 100vw, 1200px\" \/>\t\t\t\t\t\t\t\t\t\t\t\t\t\t\t<\/div>\n\t\t\t\t<\/div>\n\t\t\t\t\t<\/div>\n\t\t<\/div>\n\t\t\t\t<div class=\"elementor-column elementor-col-50 elementor-top-column elementor-element elementor-element-762e695\" data-id=\"762e695\" data-element_type=\"column\">\n\t\t\t<div class=\"elementor-widget-wrap elementor-element-populated\">\n\t\t\t\t\t\t<div class=\"elementor-element elementor-element-518acb8 elementor-widget-divider--view-line_icon elementor-view-default elementor-widget-divider--element-align-center elementor-widget elementor-widget-divider\" data-id=\"518acb8\" data-element_type=\"widget\" data-widget_type=\"divider.default\">\n\t\t\t\t<div class=\"elementor-widget-container\">\n\t\t\t\t\t\t\t<div class=\"elementor-divider\">\n\t\t\t<span class=\"elementor-divider-separator\">\n\t\t\t\t\t\t\t<div class=\"elementor-icon elementor-divider__element\">\n\t\t\t\t\t<svg xmlns=\"http:\/\/www.w3.org\/2000\/svg\" viewBox=\"0 0 519.31 494.11\"><defs><style>.cls-1{fill:#fd79a8;}<\/style><\/defs><g id=\"katman_2\" data-name=\"katman 2\"><g id=\"katman_1-2\" data-name=\"katman 1\"><polygon class=\"cls-1\" points=\"393.03 65.88 392.4 66.64 153.15 354.48 103.96 360.1 124.59 323.55 24.72 322.64 41.45 293.27 0 260.35 39.19 238.87 30.21 208.68 101.37 224.35 18.9 107.59 77.23 94.57 93.06 5.09 159.25 62.29 197.98 33.08 234.98 127.71 312.45 1.7 349.11 37.91 443.46 0 425.29 95.69 471.09 126.5 364.63 230.64 469.15 243.69 448.07 288.13 519.31 339.02 438.38 373.92 436.44 436.92 301.94 382.15 333.69 443.22 335.14 446.13 304.85 442.49 288.37 494.11 249.36 459.21 226.82 483.21 198.95 384.33 174.72 412.69 163.82 360.59 393.03 65.88\"><\/polygon><\/g><\/g><\/svg><\/div>\n\t\t\t\t\t\t<\/span>\n\t\t<\/div>\n\t\t\t\t\t\t<\/div>\n\t\t\t\t<\/div>\n\t\t\t\t<div class=\"elementor-element elementor-element-61f2d40 elementor-widget elementor-widget-text-editor\" data-id=\"61f2d40\" data-element_type=\"widget\" data-widget_type=\"text-editor.default\">\n\t\t\t\t<div class=\"elementor-widget-container\">\n\t\t\t\t\t\t\t\t\t<p><strong>\u00c9ducation<\/strong><\/p><ul><li>Facult\u00e9 de m\u00e9decine de l&#8217;Universit\u00e9 d&#8217;Akdeniz 2017<\/li><\/ul><p><strong>Exp\u00e9rience Professionnelle<br \/><\/strong><\/p><ul><li>Service des urgences de l&#8217;h\u00f4pital public de Sava\u015ftepe<\/li><li>Centre de don du sang du Croissant-Rouge turc de Manisa (avril 2022 \u2013 ao\u00fbt 2023)<\/li><li>H\u00f4pital priv\u00e9 Sada du groupe de sant\u00e9 Bazekol (septembre 2023 \u2013 octobre 2024)<\/li><\/ul><p><strong>Adh\u00e9sions<\/strong><\/p><ul><li>Certificat du Minist\u00e8re de la Sant\u00e9 en esth\u00e9tique et applications cosm\u00e9tiques<\/li><li>Institut Medent \u2013 \u200b\u200bFormation en esth\u00e9tique m\u00e9dicale, produits de comblement, toxine botulique et applications de m\u00e9soth\u00e9rapie<\/li><\/ul>\t\t\t\t\t\t\t\t<\/div>\n\t\t\t\t<\/div>\n\t\t\t\t\t<\/div>\n\t\t<\/div>\n\t\t\t\t\t<\/div>\n\t\t<\/section>\n\t\t\t\t<\/div>\n\t\t","protected":false},"excerpt":{"rendered":"<p>\u00c9ducation Facult\u00e9 de m\u00e9decine de l&#8217;Universit\u00e9 d&#8217;Akdeniz 2017 Exp\u00e9rience Professionnelle Service des urgences de l&#8217;h\u00f4pital public de Sava\u015ftepe Centre de don du sang du Croissant-Rouge turc de Manisa (avril 2022 \u2013 ao\u00fbt 2023) H\u00f4pital priv\u00e9 Sada du groupe de sant\u00e9 Bazekol (septembre 2023 \u2013 octobre 2024) Adh\u00e9sions Certificat du Minist\u00e8re de la Sant\u00e9 en esth\u00e9tique [&hellip;]<\/p>\n","protected":false},"author":1,"featured_media":1790,"parent":0,"menu_order":0,"comment_status":"closed","ping_status":"closed","template":"","meta":{"_acf_changed":false,"footnotes":""},"class_list":["post-15","page","type-page","status-publish","has-post-thumbnail","hentry"],"acf":[],"_links":{"self":[{"href":"https:\/\/netspoliklinigi.com\/fr\/wp-json\/wp\/v2\/pages\/15","targetHints":{"allow":["GET"]}}],"collection":[{"href":"https:\/\/netspoliklinigi.com\/fr\/wp-json\/wp\/v2\/pages"}],"about":[{"href":"https:\/\/netspoliklinigi.com\/fr\/wp-json\/wp\/v2\/types\/page"}],"author":[{"embeddable":true,"href":"https:\/\/netspoliklinigi.com\/fr\/wp-json\/wp\/v2\/users\/1"}],"replies":[{"embeddable":true,"href":"https:\/\/netspoliklinigi.com\/fr\/wp-json\/wp\/v2\/comments?post=15"}],"version-history":[{"count":49,"href":"https:\/\/netspoliklinigi.com\/fr\/wp-json\/wp\/v2\/pages\/15\/revisions"}],"predecessor-version":[{"id":1795,"href":"https:\/\/netspoliklinigi.com\/fr\/wp-json\/wp\/v2\/pages\/15\/revisions\/1795"}],"wp:featuredmedia":[{"embeddable":true,"href":"https:\/\/netspoliklinigi.com\/fr\/wp-json\/wp\/v2\/media\/1790"}],"wp:attachment":[{"href":"https:\/\/netspoliklinigi.com\/fr\/wp-json\/wp\/v2\/media?parent=15"}],"curies":[{"name":"wp","href":"https:\/\/api.w.org\/{rel}","templated":true}]}}