{"id":13,"date":"2022-05-28T21:50:33","date_gmt":"2022-05-28T18:50:33","guid":{"rendered":"http:\/\/netspoliklinik.demositeler.xyz\/?page_id=13"},"modified":"2023-05-12T16:32:06","modified_gmt":"2023-05-12T13:32:06","slug":"a-propos-de-nous","status":"publish","type":"page","link":"https:\/\/netspoliklinigi.com\/fr\/a-propos-de-nous\/","title":{"rendered":"\u00c0 Propos de Nous"},"content":{"rendered":"\t\t<div data-elementor-type=\"wp-page\" data-elementor-id=\"13\" class=\"elementor elementor-13\">\n\t\t\t\t\t\t<section class=\"elementor-section elementor-top-section elementor-element elementor-element-1caa9ce elementor-section-boxed elementor-section-height-default elementor-section-height-default\" data-id=\"1caa9ce\" data-element_type=\"section\">\n\t\t\t\t\t\t<div class=\"elementor-container elementor-column-gap-default\">\n\t\t\t\t\t<div class=\"elementor-column elementor-col-50 elementor-top-column elementor-element elementor-element-f370081\" data-id=\"f370081\" data-element_type=\"column\">\n\t\t\t<div class=\"elementor-widget-wrap elementor-element-populated\">\n\t\t\t\t\t\t<div class=\"elementor-element elementor-element-d0473dc elementor-widget elementor-widget-image\" data-id=\"d0473dc\" data-element_type=\"widget\" data-widget_type=\"image.default\">\n\t\t\t\t<div class=\"elementor-widget-container\">\n\t\t\t\t\t\t\t\t\t\t\t\t\t\t\t<img fetchpriority=\"high\" decoding=\"async\" width=\"450\" height=\"300\" src=\"https:\/\/netspoliklinigi.com\/fr\/wp-content\/uploads\/2022\/05\/nets-logo.jpg\" class=\"attachment-full size-full wp-image-310\" alt=\"\" srcset=\"https:\/\/netspoliklinigi.com\/fr\/wp-content\/uploads\/2022\/05\/nets-logo.jpg 450w, https:\/\/netspoliklinigi.com\/fr\/wp-content\/uploads\/2022\/05\/nets-logo-300x200.jpg 300w\" sizes=\"(max-width: 450px) 100vw, 450px\" \/>\t\t\t\t\t\t\t\t\t\t\t\t\t\t\t<\/div>\n\t\t\t\t<\/div>\n\t\t\t\t\t<\/div>\n\t\t<\/div>\n\t\t\t\t<div class=\"elementor-column elementor-col-50 elementor-top-column elementor-element elementor-element-36739fb\" data-id=\"36739fb\" data-element_type=\"column\">\n\t\t\t<div class=\"elementor-widget-wrap elementor-element-populated\">\n\t\t\t\t\t\t<div class=\"elementor-element elementor-element-e9c4746 elementor-widget elementor-widget-heading\" data-id=\"e9c4746\" data-element_type=\"widget\" data-widget_type=\"heading.default\">\n\t\t\t\t<div class=\"elementor-widget-container\">\n\t\t\t\t\t<h2 class=\"elementor-heading-title elementor-size-default\">L\u2019histoire NETS\n<\/h2>\t\t\t\t<\/div>\n\t\t\t\t<\/div>\n\t\t\t\t<div class=\"elementor-element elementor-element-874108c elementor-widget-divider--view-line elementor-widget elementor-widget-divider\" data-id=\"874108c\" data-element_type=\"widget\" data-widget_type=\"divider.default\">\n\t\t\t\t<div class=\"elementor-widget-container\">\n\t\t\t\t\t\t\t<div class=\"elementor-divider\">\n\t\t\t<span class=\"elementor-divider-separator\">\n\t\t\t\t\t\t<\/span>\n\t\t<\/div>\n\t\t\t\t\t\t<\/div>\n\t\t\t\t<\/div>\n\t\t\t\t<div class=\"elementor-element elementor-element-620d241 elementor-widget elementor-widget-text-editor\" data-id=\"620d241\" data-element_type=\"widget\" data-widget_type=\"text-editor.default\">\n\t\t\t\t<div class=\"elementor-widget-container\">\n\t\t\t\t\t\t\t\t\t<p>La Fondation NETS a \u00e9t\u00e9 cr\u00e9\u00e9e en 1997 \u00e0 Manisa. Il a \u00e9t\u00e9 ouvert en tant que lieu offrant une formation professionnelle telle qu&#8217;esth\u00e9ticienne, esth\u00e9ticienne, massoth\u00e9rapeute et offrant des services de beaut\u00e9. chaque ann\u00e9e, elle a rapidement augment\u00e9 son volume d&#8217;affaires. En concluant des accords de gestion de SPA avec diff\u00e9rents h\u00f4tels, elle a fourni des emplois \u00e0 ses stagiaires sur son propre lieu de travail et dans des h\u00f4tels. Quelques ann\u00e9es plus tard, il a d\u00e9m\u00e9nag\u00e9 son si\u00e8ge social \u00e0 Manisa \u00e0 Bornova, Izmir et a commenc\u00e9 \u00e0 servir de salon de beaut\u00e9 \u00e0 Izmir. Avec le r\u00e8glement qui a chang\u00e9 la m\u00eame ann\u00e9e, il a re\u00e7u le titre de premier centre de beaut\u00e9 d&#8217;Izmir.<\/p>\t\t\t\t\t\t\t\t<\/div>\n\t\t\t\t<\/div>\n\t\t\t\t<div class=\"elementor-element elementor-element-297521b elementor-shape-circle e-grid-align-left elementor-grid-0 elementor-widget elementor-widget-social-icons\" data-id=\"297521b\" data-element_type=\"widget\" data-widget_type=\"social-icons.default\">\n\t\t\t\t<div class=\"elementor-widget-container\">\n\t\t\t\t\t\t\t<div class=\"elementor-social-icons-wrapper elementor-grid\" role=\"list\">\n\t\t\t\t\t\t\t<span class=\"elementor-grid-item\" role=\"listitem\">\n\t\t\t\t\t<a class=\"elementor-icon elementor-social-icon elementor-social-icon-facebook elementor-repeater-item-5414d64\" target=\"_blank\">\n\t\t\t\t\t\t<span class=\"elementor-screen-only\">Facebook<\/span>\n\t\t\t\t\t\t<i class=\"fab fa-facebook\"><\/i>\t\t\t\t\t<\/a>\n\t\t\t\t<\/span>\n\t\t\t\t\t\t\t<span class=\"elementor-grid-item\" role=\"listitem\">\n\t\t\t\t\t<a class=\"elementor-icon elementor-social-icon elementor-social-icon-twitter elementor-repeater-item-ea335c3\" target=\"_blank\">\n\t\t\t\t\t\t<span class=\"elementor-screen-only\">Twitter<\/span>\n\t\t\t\t\t\t<i class=\"fab fa-twitter\"><\/i>\t\t\t\t\t<\/a>\n\t\t\t\t<\/span>\n\t\t\t\t\t\t\t<span class=\"elementor-grid-item\" role=\"listitem\">\n\t\t\t\t\t<a class=\"elementor-icon elementor-social-icon elementor-social-icon-youtube elementor-repeater-item-cf765ae\" target=\"_blank\">\n\t\t\t\t\t\t<span class=\"elementor-screen-only\">Youtube<\/span>\n\t\t\t\t\t\t<i class=\"fab fa-youtube\"><\/i>\t\t\t\t\t<\/a>\n\t\t\t\t<\/span>\n\t\t\t\t\t<\/div>\n\t\t\t\t\t\t<\/div>\n\t\t\t\t<\/div>\n\t\t\t\t\t<\/div>\n\t\t<\/div>\n\t\t\t\t\t<\/div>\n\t\t<\/section>\n\t\t\t\t<\/div>\n\t\t","protected":false},"excerpt":{"rendered":"<p>L\u2019histoire NETS La Fondation NETS a \u00e9t\u00e9 cr\u00e9\u00e9e en 1997 \u00e0 Manisa. Il a \u00e9t\u00e9 ouvert en tant que lieu offrant une formation professionnelle telle qu&#8217;esth\u00e9ticienne, esth\u00e9ticienne, massoth\u00e9rapeute et offrant des services de beaut\u00e9. chaque ann\u00e9e, elle a rapidement augment\u00e9 son volume d&#8217;affaires. En concluant des accords de gestion de SPA avec diff\u00e9rents h\u00f4tels, elle [&hellip;]<\/p>\n","protected":false},"author":1,"featured_media":310,"parent":0,"menu_order":0,"comment_status":"closed","ping_status":"closed","template":"","meta":{"_acf_changed":false,"footnotes":""},"class_list":["post-13","page","type-page","status-publish","has-post-thumbnail","hentry"],"acf":[],"_links":{"self":[{"href":"https:\/\/netspoliklinigi.com\/fr\/wp-json\/wp\/v2\/pages\/13","targetHints":{"allow":["GET"]}}],"collection":[{"href":"https:\/\/netspoliklinigi.com\/fr\/wp-json\/wp\/v2\/pages"}],"about":[{"href":"https:\/\/netspoliklinigi.com\/fr\/wp-json\/wp\/v2\/types\/page"}],"author":[{"embeddable":true,"href":"https:\/\/netspoliklinigi.com\/fr\/wp-json\/wp\/v2\/users\/1"}],"replies":[{"embeddable":true,"href":"https:\/\/netspoliklinigi.com\/fr\/wp-json\/wp\/v2\/comments?post=13"}],"version-history":[{"count":18,"href":"https:\/\/netspoliklinigi.com\/fr\/wp-json\/wp\/v2\/pages\/13\/revisions"}],"predecessor-version":[{"id":1708,"href":"https:\/\/netspoliklinigi.com\/fr\/wp-json\/wp\/v2\/pages\/13\/revisions\/1708"}],"wp:featuredmedia":[{"embeddable":true,"href":"https:\/\/netspoliklinigi.com\/fr\/wp-json\/wp\/v2\/media\/310"}],"wp:attachment":[{"href":"https:\/\/netspoliklinigi.com\/fr\/wp-json\/wp\/v2\/media?parent=13"}],"curies":[{"name":"wp","href":"https:\/\/api.w.org\/{rel}","templated":true}]}}