{"id":1080,"date":"2022-06-20T11:42:58","date_gmt":"2022-06-20T08:42:58","guid":{"rendered":"http:\/\/netspoliklinik.demositeler.xyz\/?page_id=1080"},"modified":"2022-06-20T11:43:01","modified_gmt":"2022-06-20T08:43:01","slug":"kvkk","status":"publish","type":"page","link":"https:\/\/netspoliklinigi.com\/en\/kvkk\/","title":{"rendered":"KVKK"},"content":{"rendered":"\n<p><a href=\"https:\/\/www.netsclub.com.tr\/pdf\/%c3%87ALI%c5%9eAN%20ADAYI%20A%c3%87IK%20RIZA%20METN%c4%b0%20.pdf\" target=\"_blank\" rel=\"noreferrer noopener\">\u00c7ALI\u015eAN ADAYI AYDINLATMAYA \u0130L\u0130\u015eK\u0130N A\u00c7IK RIZA BEYANI<\/a><\/p>\n\n\n\n<p><a href=\"https:\/\/www.netsclub.com.tr\/pdf\/%c3%87ALI%c5%9eAN%20ADAYI%20AYDINLATMA%20METN%c4%b0AYDINLATMA%20METN%c4%b0.pdf\" target=\"_blank\" rel=\"noreferrer noopener\">\u00c7ALI\u015eAN ADAYI AYDINLATMA METN\u0130<\/a><\/p>\n\n\n\n<p><a href=\"https:\/\/www.netsclub.com.tr\/pdf\/%c3%87EREZ%20VE%20KVKK%20AYDINLATMA%20METN%c4%b0.pdf\" target=\"_blank\" rel=\"noreferrer noopener\">\u00c7EREZ VE K\u0130\u015e\u0130SEL VER\u0130LER\u0130N KORUNMASINA \u0130L\u0130\u015eK\u0130N AYDINLATMA METN\u0130<\/a><\/p>\n\n\n\n<p><a href=\"https:\/\/www.netsclub.com.tr\/pdf\/%c3%96NER%c4%b0%20%c5%9e%c4%b0KAYET%20MEMNUN%c4%b0YET%20FORMU%20AYDINLATMA%20METN%c4%b0.pdf\" target=\"_blank\" rel=\"noreferrer noopener\">\u00d6NER\u0130 \u015e\u0130KAYET MEMNUN\u0130YET FORMU AYDINLATMA METN\u0130<\/a><\/p>\n\n\n\n<p><a href=\"https:\/\/www.netsclub.com.tr\/pdf\/%c4%b0LET%c4%b0%c5%9e%c4%b0M%20FORMU%20A%c3%87IK%20RIZA%20METN%c4%b0%20.pdf\" target=\"_blank\" rel=\"noreferrer noopener\">\u0130LET\u0130\u015e\u0130M FORMU\u2019NUN KULLANILMASINA \u0130L\u0130\u015eK\u0130N K\u0130\u015e\u0130SEL VER\u0130LER\u0130N \u0130\u015eLENMES\u0130NE \u0130L\u0130\u015eK\u0130N A\u00c7IK RIZA BEYANI<\/a><\/p>\n\n\n\n<p><a href=\"https:\/\/www.netsclub.com.tr\/pdf\/%c4%b0LET%c4%b0%c5%9e%c4%b0M%20FORMU%20AYDINLATMA%20METN%c4%b0.pdf\" target=\"_blank\" rel=\"noreferrer noopener\">\u0130LET\u0130\u015e\u0130M FORMU AYDINLATMA METN\u0130<\/a><\/p>\n\n\n\n<p><a href=\"https:\/\/www.netsclub.com.tr\/pdf\/%c5%9e%c4%b0KAYET%20%c3%96NER%c4%b0%20MEMNUN%c4%b0YET%20FORMU%20A%c3%87IK%20RIZA%20METN%c4%b0%20.pdf\" target=\"_blank\" rel=\"noreferrer noopener\">\u015e\u0130KAYET \u00d6NER\u0130 MEMNUN\u0130YET FORMU\u2019NUN KULLANILMASINA \u0130L\u0130\u015eK\u0130N K\u0130\u015e\u0130SEL VER\u0130LER\u0130N \u0130\u015eLENMES\u0130NE \u0130L\u0130\u015eK\u0130N A\u00c7IK RIZA BEYANI<\/a><\/p>\n\n\n\n<p><a href=\"https:\/\/www.netsclub.com.tr\/pdf\/B%c4%b0LG%c4%b0%20TALEP%20FORMU%20A%c3%87IK%20RIZA%20METN%c4%b0%20.pdf\" target=\"_blank\" rel=\"noreferrer noopener\">B\u0130LG\u0130 TALEP FORMU\u2019NUN KULLANILMASINA \u0130L\u0130\u015eK\u0130N K\u0130\u015e\u0130SEL VER\u0130LER\u0130N \u0130\u015eLENMES\u0130NE \u0130L\u0130\u015eK\u0130N A\u00c7IK RIZA BEYANI<\/a><\/p>\n\n\n\n<p><a href=\"https:\/\/www.netsclub.com.tr\/pdf\/B%c4%b0LG%c4%b0%20TALEP%20FORMU%20AYDINLATMA%20METN%c4%b0.pdf\" target=\"_blank\" rel=\"noreferrer noopener\">B\u0130LG\u0130 TALEP FORMU AYDINLATMA METN\u0130<\/a><\/p>\n\n\n\n<p><a href=\"https:\/\/www.netsclub.com.tr\/pdf\/FRANCHISE%20BA%c5%9eVURU%20FORMU%20A%c3%87IK%20RIZA%20METN%c4%b0%20.pdf\" target=\"_blank\" rel=\"noreferrer noopener\">FRANCHISE BA\u015eVURU FORMU\u2019NUN KULLANILMASINA \u0130L\u0130\u015eK\u0130N K\u0130\u015e\u0130SEL VER\u0130LER\u0130N \u0130\u015eLENMES\u0130NE \u0130L\u0130\u015eK\u0130N A\u00c7IK RIZA BEYANI<\/a><\/p>\n\n\n\n<p><a href=\"https:\/\/www.netsclub.com.tr\/pdf\/FRANCHISE%20BA%c5%9eVURU%20FORMU%20AYDINLATMA%20METN%c4%b0.pdf\" target=\"_blank\" rel=\"noreferrer noopener\">FRANCHISE BA\u015eVURU FORMU AYDINLATMA METN\u0130<\/a><\/p>\n\n\n\n<p><a href=\"https:\/\/www.netsclub.com.tr\/pdf\/Ziyaret%c3%a7i%20Ayd%c4%b1nlatma%20Metni%20%20.pdf\" target=\"_blank\" rel=\"noreferrer noopener\">Z\u0130YARET\u00c7\u0130 AYDINLATMA METN\u0130<\/a><\/p>\n\n\n\n<p><a href=\"https:\/\/www.netsclub.com.tr\/pdf\/Veri_Sahibi_Bas%CC%A7vuru_Formu.pdf\" target=\"_blank\" rel=\"noreferrer noopener\">K\u0130\u015e\u0130SEL VER\u0130 SAH\u0130B\u0130 BA\u015eVURU FORMU<\/a>&nbsp;\/&nbsp;<a href=\"https:\/\/www.netsclub.com.tr\/pdf\/Bas%CC%A7vuru_Usul_ve_Esaslar%C4%B1.pdf\" target=\"_blank\" rel=\"noreferrer noopener\">BA\u015eVURU USUL VE ESASLARI<\/a><\/p>\n\n\n\n<p><a href=\"https:\/\/www.netsclub.com.tr\/pdf\/Tedarikc%CC%A7i_Ayd%C4%B1nlatma_Metni.pdf\" target=\"_blank\" rel=\"noreferrer noopener\">TEDAR\u0130K\u00c7\u0130 AYDINLATMA METN\u0130<\/a><\/p>\n","protected":false},"excerpt":{"rendered":"<p>\u00c7ALI\u015eAN ADAYI AYDINLATMAYA \u0130L\u0130\u015eK\u0130N A\u00c7IK RIZA BEYANI \u00c7ALI\u015eAN ADAYI AYDINLATMA METN\u0130 \u00c7EREZ VE K\u0130\u015e\u0130SEL VER\u0130LER\u0130N KORUNMASINA \u0130L\u0130\u015eK\u0130N AYDINLATMA METN\u0130 \u00d6NER\u0130 \u015e\u0130KAYET MEMNUN\u0130YET FORMU AYDINLATMA METN\u0130 \u0130LET\u0130\u015e\u0130M FORMU\u2019NUN KULLANILMASINA \u0130L\u0130\u015eK\u0130N K\u0130\u015e\u0130SEL VER\u0130LER\u0130N \u0130\u015eLENMES\u0130NE \u0130L\u0130\u015eK\u0130N A\u00c7IK RIZA BEYANI \u0130LET\u0130\u015e\u0130M FORMU AYDINLATMA METN\u0130 \u015e\u0130KAYET \u00d6NER\u0130 MEMNUN\u0130YET FORMU\u2019NUN KULLANILMASINA \u0130L\u0130\u015eK\u0130N K\u0130\u015e\u0130SEL VER\u0130LER\u0130N \u0130\u015eLENMES\u0130NE \u0130L\u0130\u015eK\u0130N A\u00c7IK RIZA BEYANI B\u0130LG\u0130 TALEP [&hellip;]<\/p>\n","protected":false},"author":1,"featured_media":0,"parent":0,"menu_order":0,"comment_status":"closed","ping_status":"closed","template":"","meta":{"_acf_changed":false,"footnotes":""},"class_list":["post-1080","page","type-page","status-publish","hentry"],"acf":[],"_links":{"self":[{"href":"https:\/\/netspoliklinigi.com\/en\/wp-json\/wp\/v2\/pages\/1080","targetHints":{"allow":["GET"]}}],"collection":[{"href":"https:\/\/netspoliklinigi.com\/en\/wp-json\/wp\/v2\/pages"}],"about":[{"href":"https:\/\/netspoliklinigi.com\/en\/wp-json\/wp\/v2\/types\/page"}],"author":[{"embeddable":true,"href":"https:\/\/netspoliklinigi.com\/en\/wp-json\/wp\/v2\/users\/1"}],"replies":[{"embeddable":true,"href":"https:\/\/netspoliklinigi.com\/en\/wp-json\/wp\/v2\/comments?post=1080"}],"version-history":[{"count":2,"href":"https:\/\/netspoliklinigi.com\/en\/wp-json\/wp\/v2\/pages\/1080\/revisions"}],"predecessor-version":[{"id":1082,"href":"https:\/\/netspoliklinigi.com\/en\/wp-json\/wp\/v2\/pages\/1080\/revisions\/1082"}],"wp:attachment":[{"href":"https:\/\/netspoliklinigi.com\/en\/wp-json\/wp\/v2\/media?parent=1080"}],"curies":[{"name":"wp","href":"https:\/\/api.w.org\/{rel}","templated":true}]}}