{"id":27,"date":"2022-05-28T21:58:08","date_gmt":"2022-05-28T18:58:08","guid":{"rendered":"http:\/\/netspoliklinik.demositeler.xyz\/?page_id=27"},"modified":"2023-05-12T18:54:04","modified_gmt":"2023-05-12T15:54:04","slug":"hautregeneration","status":"publish","type":"page","link":"https:\/\/netspoliklinigi.com\/de\/hautregeneration\/","title":{"rendered":"Hautregeneration"},"content":{"rendered":"\n<div class=\"wp-block-columns is-layout-flex wp-container-core-columns-is-layout-9d6595d7 wp-block-columns-is-layout-flex\">\n<div class=\"wp-block-column is-layout-flow wp-block-column-is-layout-flow\">\n<ul class=\"wp-block-list\"><li>HarmonyLaser<\/li><li>Lifting (Jugendserum)<\/li><li>Pl\u00e4ttchenreiches Plasma<\/li><li>H-100 (Jugendserum)<\/li><li>Thermi Lift (Hollywood-St\u00fccke)<\/li><li>Thulium-Laser<\/li><li>Maximus<\/li><li>Somon-DNA<\/li><li>Faltenbehandlung<\/li><li>F\u00fcllung<\/li><li>Fraksiyonel-Laser<\/li><li>Die goldene Nadel (Geheimnis)<\/li><li>Exil<\/li><li>Ultraformer (HIFU-nicht-chirurgisches Facelift<\/li><li>Medizinische Hautpflege im Wasser<\/li><li>Kohlenstoffpeeling (g\u00fctegeschalteter ND-Yag-Laser)<\/li><\/ul>\n<\/div>\n\n\n\n<div class=\"wp-block-column is-layout-flow wp-block-column-is-layout-flow\">\n<ul class=\"wp-block-list\"><li>Federvergilbung mit Laser<\/li><li>Tattooentfernung<\/li><li>Jugendseren<\/li><li>Derma-Stift<\/li><li>Akne-Behandlung<\/li><li>Ozontherapie<\/li><li>Nicht-chirurgische Augenlid\u00e4sthetik<\/li><li>Gesichtsaufh\u00e4ngung mit Draht<\/li><li>Behandlung von \u00fcberm\u00e4\u00dfigem Schwitzen<\/li><li>Permanent Make-up (Haartechnik)<\/li><li>Haartransplantation<\/li><li>Behandlung von Kapillarvenen (Krampfadern)<\/li><li>Wimpernlift<\/li><li>Wimperndauerwelle<\/li><li>Solarium<\/li><\/ul>\n<\/div>\n<\/div>\n","protected":false},"excerpt":{"rendered":"<p>HarmonyLaser Lifting (Jugendserum) Pl\u00e4ttchenreiches Plasma H-100 (Jugendserum) Thermi Lift (Hollywood-St\u00fccke) Thulium-Laser Maximus Somon-DNA Faltenbehandlung F\u00fcllung Fraksiyonel-Laser Die goldene Nadel (Geheimnis) Exil Ultraformer (HIFU-nicht-chirurgisches Facelift Medizinische Hautpflege im Wasser Kohlenstoffpeeling (g\u00fctegeschalteter ND-Yag-Laser) Federvergilbung mit Laser Tattooentfernung Jugendseren Derma-Stift Akne-Behandlung Ozontherapie Nicht-chirurgische Augenlid\u00e4sthetik Gesichtsaufh\u00e4ngung mit Draht Behandlung von \u00fcberm\u00e4\u00dfigem Schwitzen Permanent Make-up (Haartechnik) Haartransplantation Behandlung von Kapillarvenen [&hellip;]<\/p>\n","protected":false},"author":1,"featured_media":374,"parent":0,"menu_order":0,"comment_status":"closed","ping_status":"closed","template":"","meta":{"_acf_changed":false,"footnotes":""},"class_list":["post-27","page","type-page","status-publish","has-post-thumbnail","hentry"],"acf":[],"_links":{"self":[{"href":"https:\/\/netspoliklinigi.com\/de\/wp-json\/wp\/v2\/pages\/27","targetHints":{"allow":["GET"]}}],"collection":[{"href":"https:\/\/netspoliklinigi.com\/de\/wp-json\/wp\/v2\/pages"}],"about":[{"href":"https:\/\/netspoliklinigi.com\/de\/wp-json\/wp\/v2\/types\/page"}],"author":[{"embeddable":true,"href":"https:\/\/netspoliklinigi.com\/de\/wp-json\/wp\/v2\/users\/1"}],"replies":[{"embeddable":true,"href":"https:\/\/netspoliklinigi.com\/de\/wp-json\/wp\/v2\/comments?post=27"}],"version-history":[{"count":24,"href":"https:\/\/netspoliklinigi.com\/de\/wp-json\/wp\/v2\/pages\/27\/revisions"}],"predecessor-version":[{"id":1779,"href":"https:\/\/netspoliklinigi.com\/de\/wp-json\/wp\/v2\/pages\/27\/revisions\/1779"}],"wp:featuredmedia":[{"embeddable":true,"href":"https:\/\/netspoliklinigi.com\/de\/wp-json\/wp\/v2\/media\/374"}],"wp:attachment":[{"href":"https:\/\/netspoliklinigi.com\/de\/wp-json\/wp\/v2\/media?parent=27"}],"curies":[{"name":"wp","href":"https:\/\/api.w.org\/{rel}","templated":true}]}}