{"id":1842,"date":"2026-02-17T09:54:12","date_gmt":"2026-02-17T06:54:12","guid":{"rendered":"https:\/\/netspoliklinigi.com\/de\/?page_id=1842"},"modified":"2026-02-17T09:56:21","modified_gmt":"2026-02-17T06:56:21","slug":"op-dr-filiz-ertan","status":"publish","type":"page","link":"https:\/\/netspoliklinigi.com\/de\/op-dr-filiz-ertan\/","title":{"rendered":"Op. Dr. Filiz ERTAN"},"content":{"rendered":"\t\t<div data-elementor-type=\"wp-page\" data-elementor-id=\"1842\" class=\"elementor elementor-1842\">\n\t\t\t\t\t\t<section class=\"elementor-section elementor-top-section elementor-element elementor-element-5002479 elementor-section-boxed elementor-section-height-default elementor-section-height-default\" data-id=\"5002479\" data-element_type=\"section\">\n\t\t\t\t\t\t<div class=\"elementor-container elementor-column-gap-default\">\n\t\t\t\t\t<div class=\"elementor-column elementor-col-50 elementor-top-column elementor-element elementor-element-4cba303\" data-id=\"4cba303\" data-element_type=\"column\">\n\t\t\t<div class=\"elementor-widget-wrap elementor-element-populated\">\n\t\t\t\t\t\t<div class=\"elementor-element elementor-element-97ca5f1 elementor-widget elementor-widget-image\" data-id=\"97ca5f1\" data-element_type=\"widget\" data-widget_type=\"image.default\">\n\t\t\t\t<div class=\"elementor-widget-container\">\n\t\t\t\t\t\t\t\t\t\t\t\t\t\t\t<img fetchpriority=\"high\" decoding=\"async\" width=\"638\" height=\"922\" src=\"https:\/\/netspoliklinigi.com\/de\/wp-content\/uploads\/2026\/02\/filiz.jpeg\" class=\"attachment-full size-full wp-image-1844\" alt=\"\" srcset=\"https:\/\/netspoliklinigi.com\/de\/wp-content\/uploads\/2026\/02\/filiz.jpeg 638w, https:\/\/netspoliklinigi.com\/de\/wp-content\/uploads\/2026\/02\/filiz-208x300.jpeg 208w\" sizes=\"(max-width: 638px) 100vw, 638px\" \/>\t\t\t\t\t\t\t\t\t\t\t\t\t\t\t<\/div>\n\t\t\t\t<\/div>\n\t\t\t\t\t<\/div>\n\t\t<\/div>\n\t\t\t\t<div class=\"elementor-column elementor-col-50 elementor-top-column elementor-element elementor-element-762e695\" data-id=\"762e695\" data-element_type=\"column\">\n\t\t\t<div class=\"elementor-widget-wrap elementor-element-populated\">\n\t\t\t\t\t\t<div class=\"elementor-element elementor-element-518acb8 elementor-widget-divider--view-line_icon elementor-view-default elementor-widget-divider--element-align-center elementor-widget elementor-widget-divider\" data-id=\"518acb8\" data-element_type=\"widget\" data-widget_type=\"divider.default\">\n\t\t\t\t<div class=\"elementor-widget-container\">\n\t\t\t\t\t\t\t<div class=\"elementor-divider\">\n\t\t\t<span class=\"elementor-divider-separator\">\n\t\t\t\t\t\t\t<div class=\"elementor-icon elementor-divider__element\">\n\t\t\t\t\t<svg xmlns=\"http:\/\/www.w3.org\/2000\/svg\" viewBox=\"0 0 519.31 494.11\"><defs><style>.cls-1{fill:#fd79a8;}<\/style><\/defs><g id=\"katman_2\" data-name=\"katman 2\"><g id=\"katman_1-2\" data-name=\"katman 1\"><polygon class=\"cls-1\" points=\"393.03 65.88 392.4 66.64 153.15 354.48 103.96 360.1 124.59 323.55 24.72 322.64 41.45 293.27 0 260.35 39.19 238.87 30.21 208.68 101.37 224.35 18.9 107.59 77.23 94.57 93.06 5.09 159.25 62.29 197.98 33.08 234.98 127.71 312.45 1.7 349.11 37.91 443.46 0 425.29 95.69 471.09 126.5 364.63 230.64 469.15 243.69 448.07 288.13 519.31 339.02 438.38 373.92 436.44 436.92 301.94 382.15 333.69 443.22 335.14 446.13 304.85 442.49 288.37 494.11 249.36 459.21 226.82 483.21 198.95 384.33 174.72 412.69 163.82 360.59 393.03 65.88\"><\/polygon><\/g><\/g><\/svg><\/div>\n\t\t\t\t\t\t<\/span>\n\t\t<\/div>\n\t\t\t\t\t\t<\/div>\n\t\t\t\t<\/div>\n\t\t\t\t<div class=\"elementor-element elementor-element-61f2d40 elementor-widget elementor-widget-text-editor\" data-id=\"61f2d40\" data-element_type=\"widget\" data-widget_type=\"text-editor.default\">\n\t\t\t\t<div class=\"elementor-widget-container\">\n\t\t\t\t\t\t\t\t\t<p><strong>Ausbildung:<\/strong><\/p><p><strong><\/strong>Medizinische Fakult\u00e4t der Universit\u00e4t Ege<\/p>\n<p><strong>Berufliche Laufbahn:<\/strong><\/p><p><strong><\/strong>Staatliches Krankenhaus Kar\u015f\u0131yaka<br>Staatliches Krankenhaus \u00d6demi\u015f<br>Staatliches Krankenhaus Menemen<\/p>\n<p><strong>Mitgliedschaften:<\/strong><\/p><p><strong><\/strong>T\u00fcrkische \u00c4rztekammer<br>Mested-Verband<\/p>\n<p><strong>Weiterbildungen, Kongressteilnahmen und Publikationen:<\/strong><\/p>\n<p>Facharztausbildung Gyn\u00e4kologie und Geburtshilfe<br>Zertifikat des Gesundheitsministeriums f\u00fcr \u00e4sthetische und kosmetische Eingriffe<\/p>\t\t\t\t\t\t\t\t<\/div>\n\t\t\t\t<\/div>\n\t\t\t\t\t<\/div>\n\t\t<\/div>\n\t\t\t\t\t<\/div>\n\t\t<\/section>\n\t\t\t\t<\/div>\n\t\t","protected":false},"excerpt":{"rendered":"<p>Ausbildung: Medizinische Fakult\u00e4t der Universit\u00e4t Ege Berufliche Laufbahn: Staatliches Krankenhaus Kar\u015f\u0131yakaStaatliches Krankenhaus \u00d6demi\u015fStaatliches Krankenhaus Menemen Mitgliedschaften: T\u00fcrkische \u00c4rztekammerMested-Verband Weiterbildungen, Kongressteilnahmen und Publikationen: Facharztausbildung Gyn\u00e4kologie und GeburtshilfeZertifikat des Gesundheitsministeriums f\u00fcr \u00e4sthetische und kosmetische Eingriffe<\/p>\n","protected":false},"author":1,"featured_media":1844,"parent":0,"menu_order":0,"comment_status":"closed","ping_status":"closed","template":"","meta":{"_acf_changed":false,"footnotes":""},"class_list":["post-1842","page","type-page","status-publish","has-post-thumbnail","hentry"],"acf":[],"_links":{"self":[{"href":"https:\/\/netspoliklinigi.com\/de\/wp-json\/wp\/v2\/pages\/1842","targetHints":{"allow":["GET"]}}],"collection":[{"href":"https:\/\/netspoliklinigi.com\/de\/wp-json\/wp\/v2\/pages"}],"about":[{"href":"https:\/\/netspoliklinigi.com\/de\/wp-json\/wp\/v2\/types\/page"}],"author":[{"embeddable":true,"href":"https:\/\/netspoliklinigi.com\/de\/wp-json\/wp\/v2\/users\/1"}],"replies":[{"embeddable":true,"href":"https:\/\/netspoliklinigi.com\/de\/wp-json\/wp\/v2\/comments?post=1842"}],"version-history":[{"count":4,"href":"https:\/\/netspoliklinigi.com\/de\/wp-json\/wp\/v2\/pages\/1842\/revisions"}],"predecessor-version":[{"id":1847,"href":"https:\/\/netspoliklinigi.com\/de\/wp-json\/wp\/v2\/pages\/1842\/revisions\/1847"}],"wp:featuredmedia":[{"embeddable":true,"href":"https:\/\/netspoliklinigi.com\/de\/wp-json\/wp\/v2\/media\/1844"}],"wp:attachment":[{"href":"https:\/\/netspoliklinigi.com\/de\/wp-json\/wp\/v2\/media?parent=1842"}],"curies":[{"name":"wp","href":"https:\/\/api.w.org\/{rel}","templated":true}]}}