{"id":13,"date":"2022-05-28T21:50:33","date_gmt":"2022-05-28T18:50:33","guid":{"rendered":"http:\/\/netspoliklinik.demositeler.xyz\/?page_id=13"},"modified":"2023-05-12T19:17:17","modified_gmt":"2023-05-12T16:17:17","slug":"uber-uns","status":"publish","type":"page","link":"https:\/\/netspoliklinigi.com\/de\/uber-uns\/","title":{"rendered":"\u00dcber Uns"},"content":{"rendered":"\t\t<div data-elementor-type=\"wp-page\" data-elementor-id=\"13\" class=\"elementor elementor-13\">\n\t\t\t\t\t\t<section class=\"elementor-section elementor-top-section elementor-element elementor-element-1caa9ce elementor-section-boxed elementor-section-height-default elementor-section-height-default\" data-id=\"1caa9ce\" data-element_type=\"section\">\n\t\t\t\t\t\t<div class=\"elementor-container elementor-column-gap-default\">\n\t\t\t\t\t<div class=\"elementor-column elementor-col-50 elementor-top-column elementor-element elementor-element-f370081\" data-id=\"f370081\" data-element_type=\"column\">\n\t\t\t<div class=\"elementor-widget-wrap elementor-element-populated\">\n\t\t\t\t\t\t<div class=\"elementor-element elementor-element-d0473dc elementor-widget elementor-widget-image\" data-id=\"d0473dc\" data-element_type=\"widget\" data-widget_type=\"image.default\">\n\t\t\t\t<div class=\"elementor-widget-container\">\n\t\t\t\t\t\t\t\t\t\t\t\t\t\t\t<img fetchpriority=\"high\" decoding=\"async\" width=\"450\" height=\"300\" src=\"https:\/\/netspoliklinigi.com\/de\/wp-content\/uploads\/2022\/05\/nets-logo.jpg\" class=\"attachment-full size-full wp-image-310\" alt=\"\" srcset=\"https:\/\/netspoliklinigi.com\/de\/wp-content\/uploads\/2022\/05\/nets-logo.jpg 450w, https:\/\/netspoliklinigi.com\/de\/wp-content\/uploads\/2022\/05\/nets-logo-300x200.jpg 300w\" sizes=\"(max-width: 450px) 100vw, 450px\" \/>\t\t\t\t\t\t\t\t\t\t\t\t\t\t\t<\/div>\n\t\t\t\t<\/div>\n\t\t\t\t\t<\/div>\n\t\t<\/div>\n\t\t\t\t<div class=\"elementor-column elementor-col-50 elementor-top-column elementor-element elementor-element-36739fb\" data-id=\"36739fb\" data-element_type=\"column\">\n\t\t\t<div class=\"elementor-widget-wrap elementor-element-populated\">\n\t\t\t\t\t\t<div class=\"elementor-element elementor-element-e9c4746 elementor-widget elementor-widget-heading\" data-id=\"e9c4746\" data-element_type=\"widget\" data-widget_type=\"heading.default\">\n\t\t\t\t<div class=\"elementor-widget-container\">\n\t\t\t\t\t<h2 class=\"elementor-heading-title elementor-size-default\">Die NETS-Geschichte\n<\/h2>\t\t\t\t<\/div>\n\t\t\t\t<\/div>\n\t\t\t\t<div class=\"elementor-element elementor-element-874108c elementor-widget-divider--view-line elementor-widget elementor-widget-divider\" data-id=\"874108c\" data-element_type=\"widget\" data-widget_type=\"divider.default\">\n\t\t\t\t<div class=\"elementor-widget-container\">\n\t\t\t\t\t\t\t<div class=\"elementor-divider\">\n\t\t\t<span class=\"elementor-divider-separator\">\n\t\t\t\t\t\t<\/span>\n\t\t<\/div>\n\t\t\t\t\t\t<\/div>\n\t\t\t\t<\/div>\n\t\t\t\t<div class=\"elementor-element elementor-element-620d241 elementor-widget elementor-widget-text-editor\" data-id=\"620d241\" data-element_type=\"widget\" data-widget_type=\"text-editor.default\">\n\t\t\t\t<div class=\"elementor-widget-container\">\n\t\t\t\t\t\t\t\t\t<p>Die NETS Foundation wurde 1997 in Manisa gegr\u00fcndet. Es wurde als Ort er\u00f6ffnet, an dem Berufsausbildungen wie Kosmetikerinnen, Kosmetikerinnen und Massagetherapeuten angeboten werden und Sch\u00f6nheitsdienstleistungen angeboten werden. Jedes Jahr steigerte das Unternehmen sein Gesch\u00e4ftsvolumen rasant. Durch den Abschluss von SPA-Managementvertr\u00e4gen mit verschiedenen Hotels bietet das Unternehmen seinen Auszubildenden Arbeitspl\u00e4tze am eigenen Arbeitsplatz und in Hotels. Einige Jahre sp\u00e4ter verlegte das Unternehmen seinen Hauptsitz nach Manisa in Bornova, Izmir und begann als Sch\u00f6nheitssalon in Izmir zu fungieren. Aufgrund der im selben Jahr ge\u00e4nderten Vorschriften erhielt es den Titel des ersten Sch\u00f6nheitszentrums in Izmir.<\/p>\t\t\t\t\t\t\t\t<\/div>\n\t\t\t\t<\/div>\n\t\t\t\t<div class=\"elementor-element elementor-element-297521b elementor-shape-circle e-grid-align-left elementor-grid-0 elementor-widget elementor-widget-social-icons\" data-id=\"297521b\" data-element_type=\"widget\" data-widget_type=\"social-icons.default\">\n\t\t\t\t<div class=\"elementor-widget-container\">\n\t\t\t\t\t\t\t<div class=\"elementor-social-icons-wrapper elementor-grid\" role=\"list\">\n\t\t\t\t\t\t\t<span class=\"elementor-grid-item\" role=\"listitem\">\n\t\t\t\t\t<a class=\"elementor-icon elementor-social-icon elementor-social-icon-facebook elementor-repeater-item-5414d64\" target=\"_blank\">\n\t\t\t\t\t\t<span class=\"elementor-screen-only\">Facebook<\/span>\n\t\t\t\t\t\t<i class=\"fab fa-facebook\"><\/i>\t\t\t\t\t<\/a>\n\t\t\t\t<\/span>\n\t\t\t\t\t\t\t<span class=\"elementor-grid-item\" role=\"listitem\">\n\t\t\t\t\t<a class=\"elementor-icon elementor-social-icon elementor-social-icon-twitter elementor-repeater-item-ea335c3\" target=\"_blank\">\n\t\t\t\t\t\t<span class=\"elementor-screen-only\">Twitter<\/span>\n\t\t\t\t\t\t<i class=\"fab fa-twitter\"><\/i>\t\t\t\t\t<\/a>\n\t\t\t\t<\/span>\n\t\t\t\t\t\t\t<span class=\"elementor-grid-item\" role=\"listitem\">\n\t\t\t\t\t<a class=\"elementor-icon elementor-social-icon elementor-social-icon-youtube elementor-repeater-item-cf765ae\" target=\"_blank\">\n\t\t\t\t\t\t<span class=\"elementor-screen-only\">Youtube<\/span>\n\t\t\t\t\t\t<i class=\"fab fa-youtube\"><\/i>\t\t\t\t\t<\/a>\n\t\t\t\t<\/span>\n\t\t\t\t\t<\/div>\n\t\t\t\t\t\t<\/div>\n\t\t\t\t<\/div>\n\t\t\t\t\t<\/div>\n\t\t<\/div>\n\t\t\t\t\t<\/div>\n\t\t<\/section>\n\t\t\t\t<\/div>\n\t\t","protected":false},"excerpt":{"rendered":"<p>Die NETS-Geschichte Die NETS Foundation wurde 1997 in Manisa gegr\u00fcndet. Es wurde als Ort er\u00f6ffnet, an dem Berufsausbildungen wie Kosmetikerinnen, Kosmetikerinnen und Massagetherapeuten angeboten werden und Sch\u00f6nheitsdienstleistungen angeboten werden. Jedes Jahr steigerte das Unternehmen sein Gesch\u00e4ftsvolumen rasant. Durch den Abschluss von SPA-Managementvertr\u00e4gen mit verschiedenen Hotels bietet das Unternehmen seinen Auszubildenden Arbeitspl\u00e4tze am eigenen Arbeitsplatz und [&hellip;]<\/p>\n","protected":false},"author":1,"featured_media":310,"parent":0,"menu_order":0,"comment_status":"closed","ping_status":"closed","template":"","meta":{"_acf_changed":false,"footnotes":""},"class_list":["post-13","page","type-page","status-publish","has-post-thumbnail","hentry"],"acf":[],"_links":{"self":[{"href":"https:\/\/netspoliklinigi.com\/de\/wp-json\/wp\/v2\/pages\/13","targetHints":{"allow":["GET"]}}],"collection":[{"href":"https:\/\/netspoliklinigi.com\/de\/wp-json\/wp\/v2\/pages"}],"about":[{"href":"https:\/\/netspoliklinigi.com\/de\/wp-json\/wp\/v2\/types\/page"}],"author":[{"embeddable":true,"href":"https:\/\/netspoliklinigi.com\/de\/wp-json\/wp\/v2\/users\/1"}],"replies":[{"embeddable":true,"href":"https:\/\/netspoliklinigi.com\/de\/wp-json\/wp\/v2\/comments?post=13"}],"version-history":[{"count":25,"href":"https:\/\/netspoliklinigi.com\/de\/wp-json\/wp\/v2\/pages\/13\/revisions"}],"predecessor-version":[{"id":1807,"href":"https:\/\/netspoliklinigi.com\/de\/wp-json\/wp\/v2\/pages\/13\/revisions\/1807"}],"wp:featuredmedia":[{"embeddable":true,"href":"https:\/\/netspoliklinigi.com\/de\/wp-json\/wp\/v2\/media\/310"}],"wp:attachment":[{"href":"https:\/\/netspoliklinigi.com\/de\/wp-json\/wp\/v2\/media?parent=13"}],"curies":[{"name":"wp","href":"https:\/\/api.w.org\/{rel}","templated":true}]}}